{"id":12,"date":"2024-09-30T12:53:34","date_gmt":"2024-09-30T10:53:34","guid":{"rendered":"https:\/\/ideealtitude.fr\/?page_id=12"},"modified":"2025-04-25T18:50:26","modified_gmt":"2025-04-25T16:50:26","slug":"accueil","status":"publish","type":"page","link":"https:\/\/ideealtitude.fr\/index.php\/accueil\/","title":{"rendered":"Accueil normal"},"content":{"rendered":"<p>[et_pb_section fb_built=&#8221;1&#8243; next_background_color=&#8221;#F8F4EE&#8221; _builder_version=&#8221;4.27.0&#8243; _module_preset=&#8221;default&#8221; background_image=&#8221;http:\/\/ideealtitude.fr\/wp-content\/uploads\/2024\/09\/IllustrationDigitale-Montagne.jpg&#8221; custom_margin=&#8221;||||false|false&#8221; custom_padding=&#8221;80px||70px||false|false&#8221; bottom_divider_style=&#8221;arrow2&#8243; global_colors_info=&#8221;{}&#8221;][et_pb_row _builder_version=&#8221;4.27.0&#8243; _module_preset=&#8221;default&#8221; global_colors_info=&#8221;{}&#8221;][et_pb_column type=&#8221;4_4&#8243; _builder_version=&#8221;4.27.0&#8243; _module_preset=&#8221;default&#8221; global_colors_info=&#8221;{}&#8221;][et_pb_text _builder_version=&#8221;4.27.2&#8243; _module_preset=&#8221;default&#8221; text_font=&#8221;Calistoga||||||||&#8221; text_text_color=&#8221;#FFFFFF&#8221; text_font_size=&#8221;48px&#8221; text_line_height=&#8221;1.1em&#8221; header_text_color=&#8221;#FFFFFF&#8221; header_2_font=&#8221;Roboto||||||||&#8221; header_2_text_color=&#8221;#000000&#8243; header_2_font_size=&#8221;15px&#8221; text_orientation=&#8221;center&#8221; custom_margin=&#8221;||16px|||&#8221; global_colors_info=&#8221;{}&#8221;]<\/p>\n<p>Emmenez votre identit\u00e9 visuelle<br \/>au sommet<\/p>\n<p>[\/et_pb_text][et_pb_divider color=&#8221;#FFFFFF&#8221; divider_weight=&#8221;2px&#8221; _builder_version=&#8221;4.27.0&#8243; _module_preset=&#8221;default&#8221; width=&#8221;30%&#8221; module_alignment=&#8221;center&#8221; custom_margin=&#8221;||1px|||&#8221; global_colors_info=&#8221;{}&#8221;][\/et_pb_divider][et_pb_text _builder_version=&#8221;4.27.2&#8243; _module_preset=&#8221;default&#8221; text_text_color=&#8221;#FFFFFF&#8221; header_text_color=&#8221;#FFFFFF&#8221; header_2_font=&#8221;Roboto||||||||&#8221; header_2_text_align=&#8221;center&#8221; header_2_text_color=&#8221;#FFFFFF&#8221; header_2_font_size=&#8221;16px&#8221; header_2_line_height=&#8221;1.2em&#8221; header_text_shadow_style=&#8221;preset1&#8243; header_2_text_shadow_style=&#8221;preset1&#8243; global_colors_info=&#8221;{}&#8221;]<\/p>\n<h2>Graphiste &amp; facilitatrice graphique,<br \/>sp\u00e9cialis\u00e9e en identit\u00e9 et en pens\u00e9e visuelle<\/h2>\n<p>[\/et_pb_text][\/et_pb_column][\/et_pb_row][et_pb_row column_structure=&#8221;1_5,1_5,1_5,1_5,1_5&#8243; _builder_version=&#8221;4.27.0&#8243; _module_preset=&#8221;default&#8221; global_colors_info=&#8221;{}&#8221;][et_pb_column type=&#8221;1_5&#8243; _builder_version=&#8221;4.27.0&#8243; _module_preset=&#8221;default&#8221; global_colors_info=&#8221;{}&#8221;][\/et_pb_column][et_pb_column type=&#8221;1_5&#8243; _builder_version=&#8221;4.27.0&#8243; _module_preset=&#8221;default&#8221; global_colors_info=&#8221;{}&#8221;][et_pb_button button_url=&#8221;@ET-DC@eyJkeW5hbWljIjp0cnVlLCJjb250ZW50IjoicG9zdF9saW5rX3VybF9wYWdlIiwic2V0dGluZ3MiOnsicG9zdF9pZCI6IjI1In19@&#8221; button_text=&#8221;Logo&#8221; button_alignment=&#8221;center&#8221; _builder_version=&#8221;4.27.2&#8243; _dynamic_attributes=&#8221;button_url&#8221; _module_preset=&#8221;default&#8221; custom_button=&#8221;on&#8221; button_text_size=&#8221;18px&#8221; button_text_color=&#8221;#000000&#8243; button_bg_color=&#8221;#FFFFFF&#8221; button_border_width=&#8221;0px&#8221; button_border_radius=&#8221;89px&#8221; button_font=&#8221;Roboto|300|||||||&#8221; background_layout=&#8221;dark&#8221; global_colors_info=&#8221;{}&#8221;][\/et_pb_button][\/et_pb_column][et_pb_column type=&#8221;1_5&#8243; _builder_version=&#8221;4.27.0&#8243; _module_preset=&#8221;default&#8221; global_colors_info=&#8221;{}&#8221;][et_pb_button button_url=&#8221;@ET-DC@eyJkeW5hbWljIjp0cnVlLCJjb250ZW50IjoicG9zdF9saW5rX3VybF9wYWdlIiwic2V0dGluZ3MiOnsicG9zdF9pZCI6IjQzIn19@&#8221; button_text=&#8221;Facilitation&#8221; button_alignment=&#8221;center&#8221; _builder_version=&#8221;4.27.2&#8243; _dynamic_attributes=&#8221;button_url&#8221; _module_preset=&#8221;default&#8221; custom_button=&#8221;on&#8221; button_text_size=&#8221;18px&#8221; button_text_color=&#8221;#000000&#8243; button_bg_color=&#8221;#FFFFFF&#8221; button_border_width=&#8221;0px&#8221; button_border_radius=&#8221;89px&#8221; button_font=&#8221;|&#8211;et_global_body_font_weight|||||||&#8221; background_layout=&#8221;dark&#8221; global_colors_info=&#8221;{}&#8221;][\/et_pb_button][\/et_pb_column][et_pb_column type=&#8221;1_5&#8243; _builder_version=&#8221;4.27.0&#8243; _module_preset=&#8221;default&#8221; global_colors_info=&#8221;{}&#8221;][et_pb_button button_url=&#8221;@ET-DC@eyJkeW5hbWljIjp0cnVlLCJjb250ZW50IjoicG9zdF9saW5rX3VybF9wYWdlIiwic2V0dGluZ3MiOnsicG9zdF9pZCI6IjQ4In19@&#8221; button_text=&#8221;Illustration&#8221; button_alignment=&#8221;center&#8221; _builder_version=&#8221;4.27.2&#8243; _dynamic_attributes=&#8221;button_url&#8221; _module_preset=&#8221;default&#8221; custom_button=&#8221;on&#8221; button_text_size=&#8221;18px&#8221; button_text_color=&#8221;#000000&#8243; button_bg_color=&#8221;#FFFFFF&#8221; button_border_width=&#8221;0px&#8221; button_border_radius=&#8221;89px&#8221; button_font=&#8221;|300|||||||&#8221; background_layout=&#8221;dark&#8221; global_colors_info=&#8221;{}&#8221;][\/et_pb_button][\/et_pb_column][et_pb_column type=&#8221;1_5&#8243; _builder_version=&#8221;4.27.0&#8243; _module_preset=&#8221;default&#8221; global_colors_info=&#8221;{}&#8221;][\/et_pb_column][\/et_pb_row][\/et_pb_section][et_pb_section fb_built=&#8221;1&#8243; next_background_color=&#8221;#ffffff&#8221; _builder_version=&#8221;4.27.2&#8243; _module_preset=&#8221;default&#8221; background_color=&#8221;#F8F4EE&#8221; custom_padding=&#8221;2px||50px|||&#8221; bottom_divider_style=&#8221;graph&#8221; global_colors_info=&#8221;{}&#8221;][et_pb_row _builder_version=&#8221;4.27.0&#8243; _module_preset=&#8221;default&#8221; custom_padding=&#8221;50px||50px|||&#8221; global_colors_info=&#8221;{}&#8221;][et_pb_column type=&#8221;4_4&#8243; _builder_version=&#8221;4.27.0&#8243; _module_preset=&#8221;default&#8221; global_colors_info=&#8221;{}&#8221;][et_pb_text _builder_version=&#8221;4.27.2&#8243; _module_preset=&#8221;default&#8221; text_font=&#8221;&#8211;et_global_body_font||||||||&#8221; text_font_size=&#8221;20px&#8221; text_line_height=&#8221;1.4em&#8221; text_orientation=&#8221;center&#8221; global_colors_info=&#8221;{}&#8221;]<\/p>\n<p>Hello ! Je suis Ga\u00eblle, <strong>graphiste des hauteurs.<\/strong><br \/>Perch\u00e9e au col des Saisies, je vous aide \u00e0 cr\u00e9er votre identit\u00e9 et \u00e0 expliquer votre message. Comment ? Avec un <strong>logo et un site p\u00e9tillants <\/strong>ou\u00a0gr\u00e2ce \u00e0 la <strong>facilitation graphique<\/strong>. <!-- notionvc: ad4cf418-df60-49cd-9561-065646d35d90 --><\/p>\n<p>[\/et_pb_text][\/et_pb_column][\/et_pb_row][\/et_pb_section][et_pb_section fb_built=&#8221;1&#8243; _builder_version=&#8221;4.27.0&#8243; _module_preset=&#8221;default&#8221; custom_padding=&#8221;2px||50px|||&#8221; global_colors_info=&#8221;{}&#8221;][et_pb_row column_structure=&#8221;2_3,1_3&#8243; _builder_version=&#8221;4.27.0&#8243; _module_preset=&#8221;default&#8221; custom_padding=&#8221;50px|||||&#8221; custom_css_main_element=&#8221;align-items:center&#8221; global_colors_info=&#8221;{}&#8221;][et_pb_column type=&#8221;2_3&#8243; _builder_version=&#8221;4.27.0&#8243; _module_preset=&#8221;default&#8221; global_colors_info=&#8221;{}&#8221;][et_pb_text _builder_version=&#8221;4.27.2&#8243; _module_preset=&#8221;default&#8221; text_font=&#8221;&#8211;et_global_heading_font|300|||||||&#8221; text_text_color=&#8221;#246362&#8243; text_font_size=&#8221;20px&#8221; header_2_font=&#8221;&#8211;et_global_heading_font||||||||&#8221; header_2_text_color=&#8221;#246362&#8243; header_2_font_size=&#8221;40px&#8221; custom_margin=&#8221;5px||-3px|||&#8221; global_colors_info=&#8221;{}&#8221;]<\/p>\n<h2>Le\u00a0graphisme,<\/h2>\n<p>pour cr\u00e9er\/d\u00e9velopper l\u2019image de votre entreprise<\/p>\n<p><!-- notionvc: c42e6795-a7ea-4e75-88c1-7aa80abb84be --><\/p>\n<p>[\/et_pb_text][et_pb_text _builder_version=&#8221;4.27.2&#8243; _module_preset=&#8221;default&#8221; text_font=&#8221;&#8211;et_global_body_font||||||||&#8221; global_colors_info=&#8221;{}&#8221;]<\/p>\n<p>\u2714\ufe0f Vous avez besoin d&#8217;un logo mais vous n&#8217;avez aucune id\u00e9e<br \/>\u2714\ufe0f Vous poss\u00e9dez\/visualisez votre logo mais vous ne savez pas de quel support vous avez besoin<br \/>\u2714\ufe0f Vous recherchez un pack tout inclus pour pouvoir \u00eatre autonome sur votre com&#8217; visuelle<\/p>\n<p><strong>Vous en cochez au moins une ? Vous \u00eates au bon endroit !<\/strong> Que ce soit pour un logo, un pictogramme, une affiche &#8230; Mes 10 ans d&#8217;exp\u00e9rience me permettront de voir ce que vous avez en t\u00eate et de le transposer sur le bon support.<\/p>\n<p>[\/et_pb_text][et_pb_button button_url=&#8221;@ET-DC@eyJkeW5hbWljIjp0cnVlLCJjb250ZW50IjoicG9zdF9saW5rX3VybF9wYWdlIiwic2V0dGluZ3MiOnsicG9zdF9pZCI6IjI1In19@&#8221; button_text=&#8221;En savoir +&#8221; button_alignment=&#8221;center&#8221; _builder_version=&#8221;4.27.2&#8243; _dynamic_attributes=&#8221;button_url&#8221; _module_preset=&#8221;default&#8221; custom_button=&#8221;on&#8221; button_text_size=&#8221;18px&#8221; button_text_color=&#8221;#FFFFFF&#8221; button_bg_color=&#8221;#E45D0F&#8221; button_border_width=&#8221;0px&#8221; button_border_radius=&#8221;89px&#8221; background_layout=&#8221;dark&#8221; global_colors_info=&#8221;{}&#8221;][\/et_pb_button][\/et_pb_column][et_pb_column type=&#8221;1_3&#8243; _builder_version=&#8221;4.27.0&#8243; _module_preset=&#8221;default&#8221; global_colors_info=&#8221;{}&#8221;][et_pb_image src=&#8221;http:\/\/ideealtitude.fr\/wp-content\/uploads\/2024\/09\/IDENTITE-VISUELLE.png&#8221; title_text=&#8221;IDENTITE VISUELLE&#8221; _builder_version=&#8221;4.27.0&#8243; _module_preset=&#8221;default&#8221; global_colors_info=&#8221;{}&#8221;][\/et_pb_image][\/et_pb_column][\/et_pb_row][\/et_pb_section][et_pb_section fb_built=&#8221;1&#8243; _builder_version=&#8221;4.27.2&#8243; _module_preset=&#8221;default&#8221; background_color=&#8221;#F8F4EE&#8221; global_colors_info=&#8221;{}&#8221;][et_pb_row column_structure=&#8221;2_3,1_3&#8243; _builder_version=&#8221;4.27.0&#8243; _module_preset=&#8221;default&#8221; global_colors_info=&#8221;{}&#8221;][et_pb_column type=&#8221;2_3&#8243; _builder_version=&#8221;4.27.0&#8243; _module_preset=&#8221;default&#8221; global_colors_info=&#8221;{}&#8221;][et_pb_text _builder_version=&#8221;4.27.2&#8243; _module_preset=&#8221;default&#8221; text_font=&#8221;&#8211;et_global_heading_font|300|||||||&#8221; text_text_color=&#8221;#246362&#8243; text_font_size=&#8221;20px&#8221; header_2_font=&#8221;&#8211;et_global_heading_font||||||||&#8221; header_2_text_color=&#8221;#246362&#8243; header_2_font_size=&#8221;40px&#8221; custom_margin=&#8221;||-3px|||&#8221; global_colors_info=&#8221;{}&#8221;]<\/p>\n<h2>La facilitation graphique,<\/h2>\n<p>pour dynamiser vos \u00e9v\u00e9nements et vos formations<\/p>\n<p><!-- notionvc: c42e6795-a7ea-4e75-88c1-7aa80abb84be --><\/p>\n<p>[\/et_pb_text][et_pb_text _builder_version=&#8221;4.27.2&#8243; _module_preset=&#8221;default&#8221; text_font=&#8221;&#8211;et_global_body_font||||||||&#8221; global_colors_info=&#8221;{}&#8221;]<\/p>\n<p><strong>La facilitation graphique a pour objectif d\u2019associer le visuel aux discours\u2026 en direct<\/strong>. Gr\u00e2ce \u00e0 cette pratique, on propose une synth\u00e8se visuelle accessible \u00e0 tous les publics. Donnez \u00e0 voir lors de vos conf\u00e9rences, vous favoriserez l\u2019attention et la m\u00e9morisation. Pendant vos ateliers, vous faciliterez l\u2019interaction.\u00a0<!-- notionvc: 48f0c715-318a-4771-b832-6d30b9dbcde0 --><\/p>\n<p>[\/et_pb_text][et_pb_button button_url=&#8221;@ET-DC@eyJkeW5hbWljIjp0cnVlLCJjb250ZW50IjoicG9zdF9saW5rX3VybF9wYWdlIiwic2V0dGluZ3MiOnsicG9zdF9pZCI6IjQzIn19@&#8221; button_text=&#8221;En savoir +&#8221; button_alignment=&#8221;center&#8221; _builder_version=&#8221;4.27.2&#8243; _dynamic_attributes=&#8221;button_url&#8221; _module_preset=&#8221;default&#8221; custom_button=&#8221;on&#8221; button_text_size=&#8221;18px&#8221; button_text_color=&#8221;#FFFFFF&#8221; button_bg_color=&#8221;#E45D0F&#8221; button_border_width=&#8221;0px&#8221; button_border_radius=&#8221;89px&#8221; background_layout=&#8221;dark&#8221; global_colors_info=&#8221;{}&#8221;][\/et_pb_button][\/et_pb_column][et_pb_column type=&#8221;1_3&#8243; _builder_version=&#8221;4.27.0&#8243; _module_preset=&#8221;default&#8221; global_colors_info=&#8221;{}&#8221;][et_pb_image src=&#8221;http:\/\/ideealtitude.fr\/wp-content\/uploads\/2024\/09\/FACILITATION-GRAPHIQUE.png&#8221; title_text=&#8221;FACILITATION GRAPHIQUE&#8221; _builder_version=&#8221;4.27.0&#8243; _module_preset=&#8221;default&#8221; global_colors_info=&#8221;{}&#8221;][\/et_pb_image][\/et_pb_column][\/et_pb_row][\/et_pb_section][et_pb_section fb_built=&#8221;1&#8243; _builder_version=&#8221;4.27.0&#8243; _module_preset=&#8221;default&#8221; global_colors_info=&#8221;{}&#8221;][et_pb_row column_structure=&#8221;2_3,1_3&#8243; _builder_version=&#8221;4.27.0&#8243; _module_preset=&#8221;default&#8221; global_colors_info=&#8221;{}&#8221;][et_pb_column type=&#8221;2_3&#8243; _builder_version=&#8221;4.27.0&#8243; _module_preset=&#8221;default&#8221; global_colors_info=&#8221;{}&#8221;][et_pb_text _builder_version=&#8221;4.27.2&#8243; _module_preset=&#8221;default&#8221; text_font=&#8221;&#8211;et_global_heading_font|300|||||||&#8221; text_text_color=&#8221;#246362&#8243; text_font_size=&#8221;20px&#8221; header_2_font=&#8221;&#8211;et_global_heading_font||||||||&#8221; header_2_text_color=&#8221;#246362&#8243; header_2_font_size=&#8221;40px&#8221; custom_margin=&#8221;||-3px|||&#8221; global_colors_info=&#8221;{}&#8221;]<\/p>\n<h2>L&#8217;illustration,<\/h2>\n<p>pour humaniser votre marque<\/p>\n<p><!-- notionvc: c42e6795-a7ea-4e75-88c1-7aa80abb84be --><\/p>\n<p>[\/et_pb_text][et_pb_text _builder_version=&#8221;4.27.2&#8243; _module_preset=&#8221;default&#8221; text_font=&#8221;&#8211;et_global_body_font||||||||&#8221; global_colors_info=&#8221;{}&#8221;]<\/p>\n<p>Sp\u00e9cialis\u00e9e en <strong>illustration digitale<\/strong>, je peux vous aider \u00e0 personnaliser votre marque. Personnage comique, paysage inspirationnel, pictogrammes&#8230; L&#8217;illustration cr\u00e9era une <strong>proximit\u00e9<\/strong> suppl\u00e9mentaire <strong>avec votre public<\/strong>. Elle se mariera parfaitement \u00e0 vos r\u00e9seaux sociaux, ainsi qu&#8217;\u00e0 vos supports imprim\u00e9s et grand format.\u00a0<!-- notionvc: 4c74aa2e-6306-4525-b647-de9c5e75773c --><\/p>\n<p>[\/et_pb_text][et_pb_button button_url=&#8221;@ET-DC@eyJkeW5hbWljIjp0cnVlLCJjb250ZW50IjoicG9zdF9saW5rX3VybF9wYWdlIiwic2V0dGluZ3MiOnsicG9zdF9pZCI6IjQ4In19@&#8221; button_text=&#8221;En savoir +&#8221; button_alignment=&#8221;center&#8221; _builder_version=&#8221;4.27.2&#8243; _dynamic_attributes=&#8221;button_url&#8221; _module_preset=&#8221;default&#8221; custom_button=&#8221;on&#8221; button_text_size=&#8221;18px&#8221; button_text_color=&#8221;#FFFFFF&#8221; button_bg_color=&#8221;#E45D0F&#8221; button_border_width=&#8221;0px&#8221; button_border_radius=&#8221;89px&#8221; background_layout=&#8221;dark&#8221; global_colors_info=&#8221;{}&#8221;][\/et_pb_button][\/et_pb_column][et_pb_column type=&#8221;1_3&#8243; _builder_version=&#8221;4.27.0&#8243; _module_preset=&#8221;default&#8221; global_colors_info=&#8221;{}&#8221;][et_pb_image src=&#8221;http:\/\/ideealtitude.fr\/wp-content\/uploads\/2024\/09\/ILLUSTRATION.png&#8221; title_text=&#8221;ILLUSTRATION&#8221; _builder_version=&#8221;4.27.0&#8243; _module_preset=&#8221;default&#8221; global_colors_info=&#8221;{}&#8221;][\/et_pb_image][\/et_pb_column][\/et_pb_row][\/et_pb_section]<\/p>\n","protected":false},"excerpt":{"rendered":"<p>Emmenez votre identit\u00e9 visuelleau sommetGraphiste &amp; facilitatrice graphique,sp\u00e9cialis\u00e9e en identit\u00e9 et en pens\u00e9e visuelleHello ! Je suis Ga\u00eblle, graphiste des hauteurs.Perch\u00e9e au col des Saisies, je vous aide \u00e0 cr\u00e9er votre identit\u00e9 et \u00e0 expliquer votre message. Comment ? Avec un logo et un site p\u00e9tillants ou\u00a0gr\u00e2ce \u00e0 la facilitation graphique. Le\u00a0graphisme, pour cr\u00e9er\/d\u00e9velopper l\u2019image [&hellip;]<\/p>\n","protected":false},"author":1,"featured_media":0,"parent":0,"menu_order":0,"comment_status":"closed","ping_status":"closed","template":"","meta":{"_et_pb_use_builder":"on","_et_pb_old_content":"","_et_gb_content_width":"","footnotes":""},"class_list":["post-12","page","type-page","status-publish","hentry"],"yoast_head":"<!-- This site is optimized with the Yoast SEO plugin v27.3 - https:\/\/yoast.com\/product\/yoast-seo-wordpress\/ -->\n<title>Accueil normal - Id\u00e9e Altitude<\/title>\n<meta name=\"description\" content=\"Graphiste et facilitatrice des hauteurs, j&#039;accompagne tous vos projets d&#039;identit\u00e9 et de pens\u00e9e visuelle ! Ensemble, emmenons votre projet au sommet \ud83c\udfd4\ufe0f\" \/>\n<meta name=\"robots\" content=\"index, follow, max-snippet:-1, max-image-preview:large, max-video-preview:-1\" \/>\n<link rel=\"canonical\" href=\"https:\/\/ideealtitude.fr\/index.php\/accueil\/\" \/>\n<meta property=\"og:locale\" content=\"en_US\" \/>\n<meta property=\"og:type\" content=\"article\" \/>\n<meta property=\"og:title\" content=\"Accueil normal - Id\u00e9e Altitude\" \/>\n<meta property=\"og:description\" content=\"Graphiste et facilitatrice des hauteurs, j&#039;accompagne tous vos projets d&#039;identit\u00e9 et de pens\u00e9e visuelle ! Ensemble, emmenons votre projet au sommet \ud83c\udfd4\ufe0f\" \/>\n<meta property=\"og:url\" content=\"https:\/\/ideealtitude.fr\/index.php\/accueil\/\" \/>\n<meta property=\"og:site_name\" content=\"Id\u00e9e Altitude\" \/>\n<meta property=\"article:publisher\" content=\"https:\/\/www.facebook.com\/profile.php?id=61566309552846\" \/>\n<meta property=\"article:modified_time\" content=\"2025-04-25T16:50:26+00:00\" \/>\n<meta property=\"og:image\" content=\"https:\/\/ideealtitude.fr\/wp-content\/uploads\/2024\/09\/Carre.png\" \/>\n\t<meta property=\"og:image:width\" content=\"284\" \/>\n\t<meta property=\"og:image:height\" content=\"284\" \/>\n\t<meta property=\"og:image:type\" content=\"image\/png\" \/>\n<meta name=\"twitter:card\" content=\"summary_large_image\" \/>\n<script type=\"application\/ld+json\" class=\"yoast-schema-graph\">{\"@context\":\"https:\\\/\\\/schema.org\",\"@graph\":[{\"@type\":\"WebPage\",\"@id\":\"https:\\\/\\\/ideealtitude.fr\\\/index.php\\\/accueil\\\/\",\"url\":\"https:\\\/\\\/ideealtitude.fr\\\/index.php\\\/accueil\\\/\",\"name\":\"Accueil normal - Id\u00e9e Altitude\",\"isPartOf\":{\"@id\":\"https:\\\/\\\/ideealtitude.fr\\\/#website\"},\"datePublished\":\"2024-09-30T10:53:34+00:00\",\"dateModified\":\"2025-04-25T16:50:26+00:00\",\"description\":\"Graphiste et facilitatrice des hauteurs, j'accompagne tous vos projets d'identit\u00e9 et de pens\u00e9e visuelle ! Ensemble, emmenons votre projet au sommet \ud83c\udfd4\ufe0f\",\"breadcrumb\":{\"@id\":\"https:\\\/\\\/ideealtitude.fr\\\/index.php\\\/accueil\\\/#breadcrumb\"},\"inLanguage\":\"en-US\",\"potentialAction\":[{\"@type\":\"ReadAction\",\"target\":[\"https:\\\/\\\/ideealtitude.fr\\\/index.php\\\/accueil\\\/\"]}]},{\"@type\":\"BreadcrumbList\",\"@id\":\"https:\\\/\\\/ideealtitude.fr\\\/index.php\\\/accueil\\\/#breadcrumb\",\"itemListElement\":[{\"@type\":\"ListItem\",\"position\":1,\"name\":\"Accueil\",\"item\":\"https:\\\/\\\/ideealtitude.fr\\\/\"},{\"@type\":\"ListItem\",\"position\":2,\"name\":\"Accueil normal\"}]},{\"@type\":\"WebSite\",\"@id\":\"https:\\\/\\\/ideealtitude.fr\\\/#website\",\"url\":\"https:\\\/\\\/ideealtitude.fr\\\/\",\"name\":\"Id\u00e9e Altitude\",\"description\":\"Graphiste &amp; facilitatrice graphique\",\"publisher\":{\"@id\":\"https:\\\/\\\/ideealtitude.fr\\\/#organization\"},\"potentialAction\":[{\"@type\":\"SearchAction\",\"target\":{\"@type\":\"EntryPoint\",\"urlTemplate\":\"https:\\\/\\\/ideealtitude.fr\\\/?s={search_term_string}\"},\"query-input\":{\"@type\":\"PropertyValueSpecification\",\"valueRequired\":true,\"valueName\":\"search_term_string\"}}],\"inLanguage\":\"en-US\"},{\"@type\":\"Organization\",\"@id\":\"https:\\\/\\\/ideealtitude.fr\\\/#organization\",\"name\":\"Id\u00e9e Altitude\",\"url\":\"https:\\\/\\\/ideealtitude.fr\\\/\",\"logo\":{\"@type\":\"ImageObject\",\"inLanguage\":\"en-US\",\"@id\":\"https:\\\/\\\/ideealtitude.fr\\\/#\\\/schema\\\/logo\\\/image\\\/\",\"url\":\"https:\\\/\\\/ideealtitude.fr\\\/wp-content\\\/uploads\\\/2024\\\/09\\\/Carre.png\",\"contentUrl\":\"https:\\\/\\\/ideealtitude.fr\\\/wp-content\\\/uploads\\\/2024\\\/09\\\/Carre.png\",\"width\":284,\"height\":284,\"caption\":\"Id\u00e9e Altitude\"},\"image\":{\"@id\":\"https:\\\/\\\/ideealtitude.fr\\\/#\\\/schema\\\/logo\\\/image\\\/\"},\"sameAs\":[\"https:\\\/\\\/www.facebook.com\\\/profile.php?id=61566309552846\",\"https:\\\/\\\/www.instagram.com\\\/idee.altitude\\\/\"]}]}<\/script>\n<!-- \/ Yoast SEO plugin. -->","yoast_head_json":{"title":"Accueil normal - Id\u00e9e Altitude","description":"Graphiste et facilitatrice des hauteurs, j'accompagne tous vos projets d'identit\u00e9 et de pens\u00e9e visuelle ! Ensemble, emmenons votre projet au sommet \ud83c\udfd4\ufe0f","robots":{"index":"index","follow":"follow","max-snippet":"max-snippet:-1","max-image-preview":"max-image-preview:large","max-video-preview":"max-video-preview:-1"},"canonical":"https:\/\/ideealtitude.fr\/index.php\/accueil\/","og_locale":"en_US","og_type":"article","og_title":"Accueil normal - Id\u00e9e Altitude","og_description":"Graphiste et facilitatrice des hauteurs, j'accompagne tous vos projets d'identit\u00e9 et de pens\u00e9e visuelle ! Ensemble, emmenons votre projet au sommet \ud83c\udfd4\ufe0f","og_url":"https:\/\/ideealtitude.fr\/index.php\/accueil\/","og_site_name":"Id\u00e9e Altitude","article_publisher":"https:\/\/www.facebook.com\/profile.php?id=61566309552846","article_modified_time":"2025-04-25T16:50:26+00:00","og_image":[{"width":284,"height":284,"url":"https:\/\/ideealtitude.fr\/wp-content\/uploads\/2024\/09\/Carre.png","type":"image\/png"}],"twitter_card":"summary_large_image","schema":{"@context":"https:\/\/schema.org","@graph":[{"@type":"WebPage","@id":"https:\/\/ideealtitude.fr\/index.php\/accueil\/","url":"https:\/\/ideealtitude.fr\/index.php\/accueil\/","name":"Accueil normal - Id\u00e9e Altitude","isPartOf":{"@id":"https:\/\/ideealtitude.fr\/#website"},"datePublished":"2024-09-30T10:53:34+00:00","dateModified":"2025-04-25T16:50:26+00:00","description":"Graphiste et facilitatrice des hauteurs, j'accompagne tous vos projets d'identit\u00e9 et de pens\u00e9e visuelle ! Ensemble, emmenons votre projet au sommet \ud83c\udfd4\ufe0f","breadcrumb":{"@id":"https:\/\/ideealtitude.fr\/index.php\/accueil\/#breadcrumb"},"inLanguage":"en-US","potentialAction":[{"@type":"ReadAction","target":["https:\/\/ideealtitude.fr\/index.php\/accueil\/"]}]},{"@type":"BreadcrumbList","@id":"https:\/\/ideealtitude.fr\/index.php\/accueil\/#breadcrumb","itemListElement":[{"@type":"ListItem","position":1,"name":"Accueil","item":"https:\/\/ideealtitude.fr\/"},{"@type":"ListItem","position":2,"name":"Accueil normal"}]},{"@type":"WebSite","@id":"https:\/\/ideealtitude.fr\/#website","url":"https:\/\/ideealtitude.fr\/","name":"Id\u00e9e Altitude","description":"Graphiste &amp; facilitatrice graphique","publisher":{"@id":"https:\/\/ideealtitude.fr\/#organization"},"potentialAction":[{"@type":"SearchAction","target":{"@type":"EntryPoint","urlTemplate":"https:\/\/ideealtitude.fr\/?s={search_term_string}"},"query-input":{"@type":"PropertyValueSpecification","valueRequired":true,"valueName":"search_term_string"}}],"inLanguage":"en-US"},{"@type":"Organization","@id":"https:\/\/ideealtitude.fr\/#organization","name":"Id\u00e9e Altitude","url":"https:\/\/ideealtitude.fr\/","logo":{"@type":"ImageObject","inLanguage":"en-US","@id":"https:\/\/ideealtitude.fr\/#\/schema\/logo\/image\/","url":"https:\/\/ideealtitude.fr\/wp-content\/uploads\/2024\/09\/Carre.png","contentUrl":"https:\/\/ideealtitude.fr\/wp-content\/uploads\/2024\/09\/Carre.png","width":284,"height":284,"caption":"Id\u00e9e Altitude"},"image":{"@id":"https:\/\/ideealtitude.fr\/#\/schema\/logo\/image\/"},"sameAs":["https:\/\/www.facebook.com\/profile.php?id=61566309552846","https:\/\/www.instagram.com\/idee.altitude\/"]}]}},"_links":{"self":[{"href":"https:\/\/ideealtitude.fr\/index.php\/wp-json\/wp\/v2\/pages\/12","targetHints":{"allow":["GET"]}}],"collection":[{"href":"https:\/\/ideealtitude.fr\/index.php\/wp-json\/wp\/v2\/pages"}],"about":[{"href":"https:\/\/ideealtitude.fr\/index.php\/wp-json\/wp\/v2\/types\/page"}],"author":[{"embeddable":true,"href":"https:\/\/ideealtitude.fr\/index.php\/wp-json\/wp\/v2\/users\/1"}],"replies":[{"embeddable":true,"href":"https:\/\/ideealtitude.fr\/index.php\/wp-json\/wp\/v2\/comments?post=12"}],"version-history":[{"count":20,"href":"https:\/\/ideealtitude.fr\/index.php\/wp-json\/wp\/v2\/pages\/12\/revisions"}],"predecessor-version":[{"id":404,"href":"https:\/\/ideealtitude.fr\/index.php\/wp-json\/wp\/v2\/pages\/12\/revisions\/404"}],"wp:attachment":[{"href":"https:\/\/ideealtitude.fr\/index.php\/wp-json\/wp\/v2\/media?parent=12"}],"curies":[{"name":"wp","href":"https:\/\/api.w.org\/{rel}","templated":true}]}}