{"id":25,"date":"2024-09-30T13:17:04","date_gmt":"2024-09-30T11:17:04","guid":{"rendered":"https:\/\/ideealtitude.fr\/?page_id=25"},"modified":"2024-10-04T12:26:39","modified_gmt":"2024-10-04T10:26:39","slug":"graphisme-identite-visuelle","status":"publish","type":"page","link":"https:\/\/ideealtitude.fr\/index.php\/graphisme-identite-visuelle\/","title":{"rendered":"Graphisme &#038; identit\u00e9 visuelle"},"content":{"rendered":"<p>[et_pb_section fb_built=&#8221;1&#8243; next_background_color=&#8221;#ffffff&#8221; _builder_version=&#8221;4.27.2&#8243; _module_preset=&#8221;default&#8221; background_color=&#8221;#246362&#8243; use_background_color_gradient=&#8221;on&#8221; background_color_gradient_direction=&#8221;74deg&#8221; background_color_gradient_stops=&#8221;#412a7e 0%|#e45d0f 46%|#246362 100%&#8221; background_enable_image=&#8221;off&#8221; custom_margin=&#8221;||40px|||&#8221; bottom_divider_style=&#8221;graph&#8221; global_colors_info=&#8221;{}&#8221;][et_pb_row _builder_version=&#8221;4.27.0&#8243; _module_preset=&#8221;default&#8221; global_colors_info=&#8221;{}&#8221;][et_pb_column type=&#8221;4_4&#8243; _builder_version=&#8221;4.27.0&#8243; _module_preset=&#8221;default&#8221; global_colors_info=&#8221;{}&#8221;][et_pb_text _builder_version=&#8221;4.27.2&#8243; _module_preset=&#8221;default&#8221; header_2_font=&#8221;Calistoga||||||||&#8221; header_2_text_align=&#8221;center&#8221; header_2_text_color=&#8221;#FFFFFF&#8221; header_2_font_size=&#8221;48px&#8221; global_colors_info=&#8221;{}&#8221;]<\/p>\n<h2>Logo &amp; graphisme<\/h2>\n<p>[\/et_pb_text][\/et_pb_column][\/et_pb_row][\/et_pb_section][et_pb_section fb_built=&#8221;1&#8243; _builder_version=&#8221;4.27.0&#8243; _module_preset=&#8221;default&#8221; custom_padding=&#8221;1px|||||&#8221; global_colors_info=&#8221;{}&#8221;][et_pb_row column_structure=&#8221;2_3,1_3&#8243; _builder_version=&#8221;4.27.0&#8243; _module_preset=&#8221;default&#8221; custom_margin=&#8221;-14px|auto||auto||&#8221; custom_padding=&#8221;||2px|||&#8221; global_colors_info=&#8221;{}&#8221;][et_pb_column type=&#8221;2_3&#8243; _builder_version=&#8221;4.27.0&#8243; _module_preset=&#8221;default&#8221; global_colors_info=&#8221;{}&#8221;][et_pb_text _builder_version=&#8221;4.27.2&#8243; _module_preset=&#8221;default&#8221; text_text_color=&#8221;#000000&#8243; header_2_font=&#8221;Calistoga||||||||&#8221; header_2_text_color=&#8221;#246362&#8243; header_2_font_size=&#8221;40px&#8221; global_colors_info=&#8221;{}&#8221;]<\/p>\n<h2>Cr\u00e9ons votre identit\u00e9 et votre logo<\/h2>\n<p><strong>Un logo c\u2019est bien, une identit\u00e9 c\u2019est mieux.<\/strong> L\u2019image d\u2019une entreprise comprend 3 \u00e9l\u00e9ments forts :<\/p>\n<ul>\n<li>le logo, autrement dit le noyau de votre marque<\/li>\n<li>l\u2019identit\u00e9, ou bien la pulpe, la peau du fruit<\/li>\n<li>l\u2019image de marque, qu\u2019on peut associer au go\u00fbt du fruit (diff\u00e9rent pour chaque personne !)<\/li>\n<\/ul>\n<p>C\u2019est pour cela que chez Id\u00e9e Altitude, je ne propose pas qu\u2019un logo. Je pr\u00e9f\u00e8re le fruit entier \ud83c\udf51<!-- notionvc: 6a55f053-e501-451e-b8cc-40631f788b7c --><\/p>\n<p><!-- notionvc: 209d6679-2a24-4078-b7ab-362d3c3fc282 --><\/p>\n<p>[\/et_pb_text][\/et_pb_column][et_pb_column type=&#8221;1_3&#8243; _builder_version=&#8221;4.27.0&#8243; _module_preset=&#8221;default&#8221; global_colors_info=&#8221;{}&#8221;][et_pb_video src_webm=&#8221;http:\/\/ideealtitude.fr\/wp-content\/uploads\/2024\/09\/video-logo-crea-maison.mp4&#8243; _builder_version=&#8221;4.27.0&#8243; _module_preset=&#8221;default&#8221; global_colors_info=&#8221;{}&#8221;][\/et_pb_video][\/et_pb_column][\/et_pb_row][\/et_pb_section][et_pb_section fb_built=&#8221;1&#8243; prev_background_color=&#8221;#ffffff&#8221; _builder_version=&#8221;4.27.2&#8243; _module_preset=&#8221;default&#8221; background_color=&#8221;#f8f4ee&#8221; custom_padding=&#8221;60px||50px|||&#8221; top_divider_style=&#8221;slant2&#8243; global_colors_info=&#8221;{}&#8221;][et_pb_row _builder_version=&#8221;4.27.0&#8243; _module_preset=&#8221;default&#8221; custom_margin=&#8221;-8px|auto||auto||&#8221; custom_padding=&#8221;36px|||||&#8221; global_colors_info=&#8221;{}&#8221;][et_pb_column type=&#8221;4_4&#8243; _builder_version=&#8221;4.27.0&#8243; _module_preset=&#8221;default&#8221; global_colors_info=&#8221;{}&#8221;][et_pb_text _builder_version=&#8221;4.27.2&#8243; _module_preset=&#8221;default&#8221; header_2_font=&#8221;Calistoga||||||||&#8221; header_2_text_color=&#8221;#246362&#8243; header_2_font_size=&#8221;40px&#8221; global_colors_info=&#8221;{}&#8221;]<\/p>\n<h2>D\u00e9couvrez mes packs &#8220;identit\u00e9s visuelles&#8221;, <br \/>avec un logo co-cr\u00e9\u00e9<\/h2>\n<p>[\/et_pb_text][\/et_pb_column][\/et_pb_row][et_pb_row column_structure=&#8221;1_3,1_3,1_3&#8243; _builder_version=&#8221;4.27.0&#8243; _module_preset=&#8221;default&#8221; global_colors_info=&#8221;{}&#8221;][et_pb_column type=&#8221;1_3&#8243; _builder_version=&#8221;4.27.0&#8243; _module_preset=&#8221;default&#8221; global_colors_info=&#8221;{}&#8221;][et_pb_text _builder_version=&#8221;4.27.2&#8243; _module_preset=&#8221;default&#8221; text_font=&#8221;Roboto|300|||||||&#8221; text_text_color=&#8221;#000000&#8243; text_font_size=&#8221;16px&#8221; header_3_font=&#8221;Roboto Condensed|700|||||||&#8221; header_3_text_align=&#8221;center&#8221; header_3_text_color=&#8221;#E45D0F&#8221; text_orientation=&#8221;center&#8221; global_colors_info=&#8221;{}&#8221;]<\/p>\n<h3>\u26f0\ufe0f 1500 m<\/h3>\n<p>&nbsp;<\/p>\n<p>Votre <strong>logo<\/strong>, option <strong>co-cr\u00e9ation offerte<\/strong><br \/>et les fichiers sources<\/p>\n<p>[\/et_pb_text][\/et_pb_column][et_pb_column type=&#8221;1_3&#8243; _builder_version=&#8221;4.27.0&#8243; _module_preset=&#8221;default&#8221; global_colors_info=&#8221;{}&#8221;][et_pb_text _builder_version=&#8221;4.27.2&#8243; _module_preset=&#8221;default&#8221; text_font=&#8221;Roboto|300|||||||&#8221; text_text_color=&#8221;#000000&#8243; text_font_size=&#8221;16px&#8221; header_3_font=&#8221;Roboto Condensed|700|||||||&#8221; header_3_text_align=&#8221;center&#8221; header_3_text_color=&#8221;#E45D0F&#8221; text_orientation=&#8221;center&#8221; global_colors_info=&#8221;{}&#8221;]<\/p>\n<h3>\ud83c\udfd4\ufe0f 2000 m<\/h3>\n<p>&nbsp;<\/p>\n<p>Votre <strong>logo<\/strong>, option <strong>co-cr\u00e9ation offerte<\/strong>, les fichiers sources, le logo r\u00e9seaux sociaux, le fichier carte de visite, le fond de document (motif), le nuancier <!-- notionvc: ab273ae8-7fb0-4a27-a10d-2a0afd77dc1f --><\/p>\n<p>[\/et_pb_text][\/et_pb_column][et_pb_column type=&#8221;1_3&#8243; _builder_version=&#8221;4.27.0&#8243; _module_preset=&#8221;default&#8221; global_colors_info=&#8221;{}&#8221;][et_pb_text _builder_version=&#8221;4.27.2&#8243; _module_preset=&#8221;default&#8221; text_font=&#8221;Roboto|300|||||||&#8221; text_text_color=&#8221;#000000&#8243; text_font_size=&#8221;16px&#8221; header_3_font=&#8221;Roboto Condensed|700|||||||&#8221; header_3_text_align=&#8221;center&#8221; header_3_text_color=&#8221;#E45D0F&#8221; text_orientation=&#8221;center&#8221; global_colors_info=&#8221;{}&#8221;]<\/p>\n<h3>\ud83c\udfd4\ufe0f 3000 m<\/h3>\n<p>&nbsp;<\/p>\n<p>Votre <strong>logo<\/strong>, option <strong>co-cr\u00e9ation offerte<\/strong>, les fichiers sources, le logo r\u00e9seaux sociaux, le fichier carte de visite, le fond de document (motif), le nuancier, les pictogrammes, l&#8217;univers visuel<!-- notionvc: ab273ae8-7fb0-4a27-a10d-2a0afd77dc1f --><\/p>\n<p>[\/et_pb_text][\/et_pb_column][\/et_pb_row][et_pb_row _builder_version=&#8221;4.27.0&#8243; _module_preset=&#8221;default&#8221; custom_padding=&#8221;||2px|||&#8221; global_colors_info=&#8221;{}&#8221;][et_pb_column type=&#8221;4_4&#8243; _builder_version=&#8221;4.27.0&#8243; _module_preset=&#8221;default&#8221; global_colors_info=&#8221;{}&#8221;][et_pb_divider color=&#8221;#000000&#8243; _builder_version=&#8221;4.27.2&#8243; _module_preset=&#8221;default&#8221; global_colors_info=&#8221;{}&#8221;][\/et_pb_divider][et_pb_text _builder_version=&#8221;4.27.2&#8243; _module_preset=&#8221;default&#8221; text_font=&#8221;Roboto|300|||||||&#8221; text_text_color=&#8221;#000000&#8243; text_font_size=&#8221;16px&#8221; header_text_color=&#8221;#E45D0F&#8221; header_2_font=&#8221;Calistoga||||||||&#8221; header_2_text_color=&#8221;#E45D0F&#8221; header_2_font_size=&#8221;30px&#8221; global_colors_info=&#8221;{}&#8221;]<\/p>\n<h2>Un logo co-cr\u00e9\u00e9, c&#8217;est quoi ?<\/h2>\n<p>Vous auriez voulu <strong>cr\u00e9er vous-m\u00eame<\/strong> votre logo ? <strong>Vous avez votre visuel en t\u00eate<\/strong> mais ne savez pas le mat\u00e9rialiser ? Vous pr\u00e9f\u00e9rez <strong>avoir un support visuel pour r\u00e9fl\u00e9chir<\/strong> ? Si vous vous reconnaissez dans une de ces questions, la co-cr\u00e9ation est faite pour vous.\u00a0<!-- notionvc: faabe813-86f9-4058-98ae-3ee1ab925d6d --><\/p>\n<p>C&#8217;est une m\u00e9thode de travail que j&#8217;int\u00e8gre pleinement \u00e0 mes process depuis 3 ans, <strong>sans surco\u00fbt.<\/strong> Vous prenez la main sur mon iPad et\/ou nous r\u00e9fl\u00e9chissons ensemble, en pr\u00e9sentiel ou \u00e0 distance. Le r\u00e9sultat vous correspondra ainsi pleinement.<\/p>\n<p>[\/et_pb_text][\/et_pb_column][\/et_pb_row][\/et_pb_section][et_pb_section fb_built=&#8221;1&#8243; _builder_version=&#8221;4.27.2&#8243; _module_preset=&#8221;default&#8221; custom_margin=&#8221;0px|||||&#8221; custom_padding=&#8221;50px||50px|||&#8221; global_colors_info=&#8221;{}&#8221;][et_pb_row column_structure=&#8221;2_3,1_3&#8243; make_equal=&#8221;on&#8221; _builder_version=&#8221;4.27.0&#8243; _module_preset=&#8221;default&#8221; custom_padding=&#8221;3px|||||&#8221; custom_css_main_element=&#8221;align-items: center;&#8221; global_colors_info=&#8221;{}&#8221;][et_pb_column type=&#8221;2_3&#8243; _builder_version=&#8221;4.27.0&#8243; _module_preset=&#8221;default&#8221; global_colors_info=&#8221;{}&#8221;][et_pb_text _builder_version=&#8221;4.27.2&#8243; _module_preset=&#8221;default&#8221; text_text_color=&#8221;#000000&#8243; link_text_color=&#8221;#246362&#8243; header_3_font=&#8221;Calistoga||||||||&#8221; header_3_text_color=&#8221;#246362&#8243; header_3_font_size=&#8221;40px&#8221; global_colors_info=&#8221;{}&#8221;]<\/p>\n<h3>D\u00e9ployez votre image<\/h3>\n<p>Le graphisme, c&#8217;est aussi pour vos r\u00e9seaux sociaux, vos supports imprim\u00e9s, votre site web&#8230; Ces supports vous permettent de garder le contact avec votre client. Mais, tirez-vous pleinement profit de ce lien ? <strong>Votre image est-elle reconnaissable partout ?<\/strong><\/p>\n<p>Ne manquez pas l&#8217;occasion d\u2019asseoir visuellement votre marque !<\/p>\n<p><!-- notionvc: 753bd0ba-6092-451f-a1e3-93db4f8c0b3e --><\/p>\n<p>[\/et_pb_text][et_pb_button button_text=&#8221;Voir le portfolio&#8221; _builder_version=&#8221;4.27.2&#8243; _module_preset=&#8221;default&#8221; button_url=&#8221;@ET-DC@eyJkeW5hbWljIjp0cnVlLCJjb250ZW50IjoicG9zdF9saW5rX3VybF9wYWdlIiwic2V0dGluZ3MiOnsicG9zdF9pZCI6IjE0MCJ9fQ==@&#8221; _dynamic_attributes=&#8221;button_url&#8221; custom_button=&#8221;on&#8221; button_text_color=&#8221;#FFFFFF&#8221; button_bg_color=&#8221;#E45D0F&#8221; button_bg_enable_color=&#8221;on&#8221; button_border_width=&#8221;0px&#8221; button_border_radius=&#8221;100px&#8221; button_alignment=&#8221;center&#8221; hover_enabled=&#8221;0&#8243; sticky_enabled=&#8221;0&#8243;][\/et_pb_button][\/et_pb_column][et_pb_column type=&#8221;1_3&#8243; _builder_version=&#8221;4.27.0&#8243; _module_preset=&#8221;default&#8221; global_colors_info=&#8221;{}&#8221;][et_pb_image src=&#8221;http:\/\/ideealtitude.fr\/wp-content\/uploads\/2024\/09\/IdentiteLaMaison.png&#8221; title_text=&#8221;IdentiteLaMaison&#8221; _builder_version=&#8221;4.27.0&#8243; _module_preset=&#8221;default&#8221; global_colors_info=&#8221;{}&#8221;][\/et_pb_image][\/et_pb_column][\/et_pb_row][\/et_pb_section]<\/p>\n","protected":false},"excerpt":{"rendered":"<p>Logo &amp; graphismeCr\u00e9ons votre identit\u00e9 et votre logo Un logo c\u2019est bien, une identit\u00e9 c\u2019est mieux. L\u2019image d\u2019une entreprise comprend 3 \u00e9l\u00e9ments forts : le logo, autrement dit le noyau de votre marque l\u2019identit\u00e9, ou bien la pulpe, la peau du fruit l\u2019image de marque, qu\u2019on peut associer au go\u00fbt du fruit (diff\u00e9rent pour chaque [&hellip;]<\/p>\n","protected":false},"author":1,"featured_media":0,"parent":0,"menu_order":0,"comment_status":"closed","ping_status":"closed","template":"","meta":{"_et_pb_use_builder":"on","_et_pb_old_content":"","_et_gb_content_width":"","footnotes":""},"class_list":["post-25","page","type-page","status-publish","hentry"],"yoast_head":"<!-- This site is optimized with the Yoast SEO plugin v27.3 - https:\/\/yoast.com\/product\/yoast-seo-wordpress\/ -->\n<title>Graphisme &amp; identit\u00e9 visuelle - Id\u00e9e Altitude<\/title>\n<meta name=\"robots\" content=\"index, follow, max-snippet:-1, max-image-preview:large, max-video-preview:-1\" \/>\n<link rel=\"canonical\" href=\"https:\/\/ideealtitude.fr\/index.php\/graphisme-identite-visuelle\/\" \/>\n<meta property=\"og:locale\" content=\"en_US\" \/>\n<meta property=\"og:type\" content=\"article\" \/>\n<meta property=\"og:title\" content=\"Graphisme &amp; identit\u00e9 visuelle - Id\u00e9e Altitude\" \/>\n<meta property=\"og:description\" content=\"Logo &amp; graphismeCr\u00e9ons votre identit\u00e9 et votre logo Un logo c\u2019est bien, une identit\u00e9 c\u2019est mieux. L\u2019image d\u2019une entreprise comprend 3 \u00e9l\u00e9ments forts : le logo, autrement dit le noyau de votre marque l\u2019identit\u00e9, ou bien la pulpe, la peau du fruit l\u2019image de marque, qu\u2019on peut associer au go\u00fbt du fruit (diff\u00e9rent pour chaque [&hellip;]\" \/>\n<meta property=\"og:url\" content=\"https:\/\/ideealtitude.fr\/index.php\/graphisme-identite-visuelle\/\" \/>\n<meta property=\"og:site_name\" content=\"Id\u00e9e Altitude\" \/>\n<meta property=\"article:publisher\" content=\"https:\/\/www.facebook.com\/profile.php?id=61566309552846\" \/>\n<meta property=\"article:modified_time\" content=\"2024-10-04T10:26:39+00:00\" \/>\n<meta property=\"og:image\" content=\"https:\/\/ideealtitude.fr\/wp-content\/uploads\/2024\/09\/Carre.png\" \/>\n\t<meta property=\"og:image:width\" content=\"284\" \/>\n\t<meta property=\"og:image:height\" content=\"284\" \/>\n\t<meta property=\"og:image:type\" content=\"image\/png\" \/>\n<meta name=\"twitter:card\" content=\"summary_large_image\" \/>\n<meta name=\"twitter:label1\" content=\"Est. reading time\" \/>\n\t<meta name=\"twitter:data1\" content=\"6 minutes\" \/>\n<script type=\"application\/ld+json\" class=\"yoast-schema-graph\">{\"@context\":\"https:\\\/\\\/schema.org\",\"@graph\":[{\"@type\":\"WebPage\",\"@id\":\"https:\\\/\\\/ideealtitude.fr\\\/index.php\\\/graphisme-identite-visuelle\\\/\",\"url\":\"https:\\\/\\\/ideealtitude.fr\\\/index.php\\\/graphisme-identite-visuelle\\\/\",\"name\":\"Graphisme & identit\u00e9 visuelle - Id\u00e9e Altitude\",\"isPartOf\":{\"@id\":\"https:\\\/\\\/ideealtitude.fr\\\/#website\"},\"datePublished\":\"2024-09-30T11:17:04+00:00\",\"dateModified\":\"2024-10-04T10:26:39+00:00\",\"breadcrumb\":{\"@id\":\"https:\\\/\\\/ideealtitude.fr\\\/index.php\\\/graphisme-identite-visuelle\\\/#breadcrumb\"},\"inLanguage\":\"en-US\",\"potentialAction\":[{\"@type\":\"ReadAction\",\"target\":[\"https:\\\/\\\/ideealtitude.fr\\\/index.php\\\/graphisme-identite-visuelle\\\/\"]}]},{\"@type\":\"BreadcrumbList\",\"@id\":\"https:\\\/\\\/ideealtitude.fr\\\/index.php\\\/graphisme-identite-visuelle\\\/#breadcrumb\",\"itemListElement\":[{\"@type\":\"ListItem\",\"position\":1,\"name\":\"Accueil\",\"item\":\"https:\\\/\\\/ideealtitude.fr\\\/\"},{\"@type\":\"ListItem\",\"position\":2,\"name\":\"Graphisme &#038; identit\u00e9 visuelle\"}]},{\"@type\":\"WebSite\",\"@id\":\"https:\\\/\\\/ideealtitude.fr\\\/#website\",\"url\":\"https:\\\/\\\/ideealtitude.fr\\\/\",\"name\":\"Id\u00e9e Altitude\",\"description\":\"Graphiste &amp; facilitatrice graphique\",\"publisher\":{\"@id\":\"https:\\\/\\\/ideealtitude.fr\\\/#organization\"},\"potentialAction\":[{\"@type\":\"SearchAction\",\"target\":{\"@type\":\"EntryPoint\",\"urlTemplate\":\"https:\\\/\\\/ideealtitude.fr\\\/?s={search_term_string}\"},\"query-input\":{\"@type\":\"PropertyValueSpecification\",\"valueRequired\":true,\"valueName\":\"search_term_string\"}}],\"inLanguage\":\"en-US\"},{\"@type\":\"Organization\",\"@id\":\"https:\\\/\\\/ideealtitude.fr\\\/#organization\",\"name\":\"Id\u00e9e Altitude\",\"url\":\"https:\\\/\\\/ideealtitude.fr\\\/\",\"logo\":{\"@type\":\"ImageObject\",\"inLanguage\":\"en-US\",\"@id\":\"https:\\\/\\\/ideealtitude.fr\\\/#\\\/schema\\\/logo\\\/image\\\/\",\"url\":\"https:\\\/\\\/ideealtitude.fr\\\/wp-content\\\/uploads\\\/2024\\\/09\\\/Carre.png\",\"contentUrl\":\"https:\\\/\\\/ideealtitude.fr\\\/wp-content\\\/uploads\\\/2024\\\/09\\\/Carre.png\",\"width\":284,\"height\":284,\"caption\":\"Id\u00e9e Altitude\"},\"image\":{\"@id\":\"https:\\\/\\\/ideealtitude.fr\\\/#\\\/schema\\\/logo\\\/image\\\/\"},\"sameAs\":[\"https:\\\/\\\/www.facebook.com\\\/profile.php?id=61566309552846\",\"https:\\\/\\\/www.instagram.com\\\/idee.altitude\\\/\"]}]}<\/script>\n<!-- \/ Yoast SEO plugin. -->","yoast_head_json":{"title":"Graphisme & identit\u00e9 visuelle - Id\u00e9e Altitude","robots":{"index":"index","follow":"follow","max-snippet":"max-snippet:-1","max-image-preview":"max-image-preview:large","max-video-preview":"max-video-preview:-1"},"canonical":"https:\/\/ideealtitude.fr\/index.php\/graphisme-identite-visuelle\/","og_locale":"en_US","og_type":"article","og_title":"Graphisme & identit\u00e9 visuelle - Id\u00e9e Altitude","og_description":"Logo &amp; graphismeCr\u00e9ons votre identit\u00e9 et votre logo Un logo c\u2019est bien, une identit\u00e9 c\u2019est mieux. L\u2019image d\u2019une entreprise comprend 3 \u00e9l\u00e9ments forts : le logo, autrement dit le noyau de votre marque l\u2019identit\u00e9, ou bien la pulpe, la peau du fruit l\u2019image de marque, qu\u2019on peut associer au go\u00fbt du fruit (diff\u00e9rent pour chaque [&hellip;]","og_url":"https:\/\/ideealtitude.fr\/index.php\/graphisme-identite-visuelle\/","og_site_name":"Id\u00e9e Altitude","article_publisher":"https:\/\/www.facebook.com\/profile.php?id=61566309552846","article_modified_time":"2024-10-04T10:26:39+00:00","og_image":[{"width":284,"height":284,"url":"https:\/\/ideealtitude.fr\/wp-content\/uploads\/2024\/09\/Carre.png","type":"image\/png"}],"twitter_card":"summary_large_image","twitter_misc":{"Est. reading time":"6 minutes"},"schema":{"@context":"https:\/\/schema.org","@graph":[{"@type":"WebPage","@id":"https:\/\/ideealtitude.fr\/index.php\/graphisme-identite-visuelle\/","url":"https:\/\/ideealtitude.fr\/index.php\/graphisme-identite-visuelle\/","name":"Graphisme & identit\u00e9 visuelle - Id\u00e9e Altitude","isPartOf":{"@id":"https:\/\/ideealtitude.fr\/#website"},"datePublished":"2024-09-30T11:17:04+00:00","dateModified":"2024-10-04T10:26:39+00:00","breadcrumb":{"@id":"https:\/\/ideealtitude.fr\/index.php\/graphisme-identite-visuelle\/#breadcrumb"},"inLanguage":"en-US","potentialAction":[{"@type":"ReadAction","target":["https:\/\/ideealtitude.fr\/index.php\/graphisme-identite-visuelle\/"]}]},{"@type":"BreadcrumbList","@id":"https:\/\/ideealtitude.fr\/index.php\/graphisme-identite-visuelle\/#breadcrumb","itemListElement":[{"@type":"ListItem","position":1,"name":"Accueil","item":"https:\/\/ideealtitude.fr\/"},{"@type":"ListItem","position":2,"name":"Graphisme &#038; identit\u00e9 visuelle"}]},{"@type":"WebSite","@id":"https:\/\/ideealtitude.fr\/#website","url":"https:\/\/ideealtitude.fr\/","name":"Id\u00e9e Altitude","description":"Graphiste &amp; facilitatrice graphique","publisher":{"@id":"https:\/\/ideealtitude.fr\/#organization"},"potentialAction":[{"@type":"SearchAction","target":{"@type":"EntryPoint","urlTemplate":"https:\/\/ideealtitude.fr\/?s={search_term_string}"},"query-input":{"@type":"PropertyValueSpecification","valueRequired":true,"valueName":"search_term_string"}}],"inLanguage":"en-US"},{"@type":"Organization","@id":"https:\/\/ideealtitude.fr\/#organization","name":"Id\u00e9e Altitude","url":"https:\/\/ideealtitude.fr\/","logo":{"@type":"ImageObject","inLanguage":"en-US","@id":"https:\/\/ideealtitude.fr\/#\/schema\/logo\/image\/","url":"https:\/\/ideealtitude.fr\/wp-content\/uploads\/2024\/09\/Carre.png","contentUrl":"https:\/\/ideealtitude.fr\/wp-content\/uploads\/2024\/09\/Carre.png","width":284,"height":284,"caption":"Id\u00e9e Altitude"},"image":{"@id":"https:\/\/ideealtitude.fr\/#\/schema\/logo\/image\/"},"sameAs":["https:\/\/www.facebook.com\/profile.php?id=61566309552846","https:\/\/www.instagram.com\/idee.altitude\/"]}]}},"_links":{"self":[{"href":"https:\/\/ideealtitude.fr\/index.php\/wp-json\/wp\/v2\/pages\/25","targetHints":{"allow":["GET"]}}],"collection":[{"href":"https:\/\/ideealtitude.fr\/index.php\/wp-json\/wp\/v2\/pages"}],"about":[{"href":"https:\/\/ideealtitude.fr\/index.php\/wp-json\/wp\/v2\/types\/page"}],"author":[{"embeddable":true,"href":"https:\/\/ideealtitude.fr\/index.php\/wp-json\/wp\/v2\/users\/1"}],"replies":[{"embeddable":true,"href":"https:\/\/ideealtitude.fr\/index.php\/wp-json\/wp\/v2\/comments?post=25"}],"version-history":[{"count":15,"href":"https:\/\/ideealtitude.fr\/index.php\/wp-json\/wp\/v2\/pages\/25\/revisions"}],"predecessor-version":[{"id":338,"href":"https:\/\/ideealtitude.fr\/index.php\/wp-json\/wp\/v2\/pages\/25\/revisions\/338"}],"wp:attachment":[{"href":"https:\/\/ideealtitude.fr\/index.php\/wp-json\/wp\/v2\/media?parent=25"}],"curies":[{"name":"wp","href":"https:\/\/api.w.org\/{rel}","templated":true}]}}