{"id":43,"date":"2024-09-30T12:57:50","date_gmt":"2024-09-30T10:57:50","guid":{"rendered":"https:\/\/ideealtitude.fr\/?page_id=43"},"modified":"2024-10-04T12:20:53","modified_gmt":"2024-10-04T10:20:53","slug":"facilitation-graphique-2","status":"publish","type":"page","link":"https:\/\/ideealtitude.fr\/index.php\/facilitation-graphique-2\/","title":{"rendered":"Facilitation graphique"},"content":{"rendered":"<p>[et_pb_section fb_built=&#8221;1&#8243; next_background_color=&#8221;#ffffff&#8221; _builder_version=&#8221;4.27.2&#8243; _module_preset=&#8221;default&#8221; background_color=&#8221;#246362&#8243; use_background_color_gradient=&#8221;on&#8221; background_color_gradient_direction=&#8221;148deg&#8221; background_color_gradient_stops=&#8221;#e45d0f 1%|#412a7e 50%|#246362 100%&#8221; bottom_divider_style=&#8221;graph&#8221; hover_enabled=&#8221;0&#8243; global_colors_info=&#8221;{}&#8221; sticky_enabled=&#8221;0&#8243;][et_pb_row _builder_version=&#8221;4.27.0&#8243; _module_preset=&#8221;default&#8221; global_colors_info=&#8221;{}&#8221;][et_pb_column type=&#8221;4_4&#8243; _builder_version=&#8221;4.27.0&#8243; _module_preset=&#8221;default&#8221; global_colors_info=&#8221;{}&#8221;][et_pb_text _builder_version=&#8221;4.27.2&#8243; _module_preset=&#8221;default&#8221; header_2_font=&#8221;&#8211;et_global_heading_font||||||||&#8221; header_2_text_align=&#8221;center&#8221; header_2_text_color=&#8221;#FFFFFF&#8221; header_2_font_size=&#8221;48px&#8221; custom_margin=&#8221;||21px|||&#8221; global_colors_info=&#8221;{}&#8221;]<\/p>\n<h2>Facilitation graphique<\/h2>\n<p>[\/et_pb_text][\/et_pb_column][\/et_pb_row][\/et_pb_section][et_pb_section fb_built=&#8221;1&#8243; _builder_version=&#8221;4.27.0&#8243; _module_preset=&#8221;default&#8221; global_colors_info=&#8221;{}&#8221;][et_pb_row _builder_version=&#8221;4.27.0&#8243; _module_preset=&#8221;default&#8221; global_colors_info=&#8221;{}&#8221;][et_pb_column type=&#8221;4_4&#8243; _builder_version=&#8221;4.27.0&#8243; _module_preset=&#8221;default&#8221; global_colors_info=&#8221;{}&#8221;][et_pb_text _builder_version=&#8221;4.27.2&#8243; _module_preset=&#8221;default&#8221; text_text_color=&#8221;#000000&#8243; header_2_font=&#8221;&#8211;et_global_heading_font||||||||&#8221; header_2_text_color=&#8221;#246362&#8243; header_2_font_size=&#8221;40px&#8221; hover_enabled=&#8221;0&#8243; global_colors_info=&#8221;{}&#8221; sticky_enabled=&#8221;0&#8243;]<\/p>\n<h2>Qu&#8217;est-ce que la facilitation graphique ?<\/h2>\n<p>La facilitation graphique (ou la pens\u00e9e visuelle) nous vient des Etats-Unis. Elle est n\u00e9e pour servir la dynamique de groupe avec des m\u00e9thodes innovantes. Les gestionnaires de projet appr\u00e9cient particuli\u00e8rement ce mode d\u2019expression, plus rapide et parlant que de longs paragraphes explicatifs. En France, le terme facilitation graphique englobe plusieurs pratiques bien diff\u00e9renciables. D\u00e9cryptons tout \u00e7a.<\/p>\n<p>Sketchnoting, graphic recording, scribing, infographie\u2026 \ud83e\udd2f On rencontre de nombreuses pratiques pour de nombreuses situations. Quelle qu&#8217;elle soit, le principe reste le m\u00eame : <strong>proposer une synth\u00e8se visuelle accessible<\/strong>. La finalit\u00e9 ? Donner \u00e0 voir pour permettre \u00e0 tous de r\u00e9fl\u00e9chir au sujet.<\/p>\n<p>Globalement, le process passe par 3 grandes \u00e9tapes.<\/p>\n<ul>\n<li><strong>On va d\u2019abord collecter les informations<\/strong>, en direct ou en diff\u00e9r\u00e9.<\/li>\n<li><strong>O<\/strong><strong>n structurera les id\u00e9es<\/strong> pour mettre en lumi\u00e8re les liens et les objectifs.<\/li>\n<li>Puis <strong>on encrera<\/strong>, pour ancrer le sujet dans l\u2019esprit du public.<\/li>\n<\/ul>\n<p><!-- notionvc: 86ce51b8-484f-4e5e-96cf-c37ed9fb42ba --><\/p>\n<p><!-- notionvc: 1d4e0454-9407-441e-a7e3-8cce6729b554 --><\/p>\n<p>[\/et_pb_text][et_pb_image src=&#8221;http:\/\/ideealtitude.fr\/wp-content\/uploads\/2024\/10\/Illustration_sans_titre-12.jpg&#8221; _builder_version=&#8221;4.27.2&#8243; _module_preset=&#8221;default&#8221; title_text=&#8221;La facilitation graphique, c&#8217;est quoi ? Id\u00e9e Altitude&#8221; hover_enabled=&#8221;0&#8243; sticky_enabled=&#8221;0&#8243;][\/et_pb_image][et_pb_text _builder_version=&#8221;4.27.2&#8243; _module_preset=&#8221;default&#8221; text_text_color=&#8221;#000000&#8243; header_2_font=&#8221;&#8211;et_global_heading_font||||||||&#8221; header_2_text_color=&#8221;#246362&#8243; header_2_font_size=&#8221;40px&#8221; global_colors_info=&#8221;{}&#8221; custom_margin=&#8221;40px|||||&#8221;]<\/p>\n<h2>En quoi elle pourra vous servir ?<\/h2>\n<p>Chez Id\u00e9e Altitude, <strong>la facilitation a une vocation ludique et p\u00e9dagogique<\/strong>.<\/p>\n<p>Avec <strong>le graphic recording ou reportage graphique<\/strong>, j\u2019apporte une touche de p\u00e9tillant \u00e0 votre conf\u00e9rence. La fresque (digitale ou sur papier) est cr\u00e9\u00e9e en direct des \u00e9changes et restitu\u00e9e \u00e0 la fin de l\u2019\u00e9v\u00e9nement. Je la commente au public, puis vous l\u2019emportez.<\/p>\n<p>Via <strong>les illustrations p\u00e9dagogiques<\/strong>, je vous aide \u00e0 dynamiser votre formation, votre th\u00e8se. Je travaille en diff\u00e9r\u00e9 pour cr\u00e9er des <strong>supports sch\u00e9matiques<\/strong> qui appuieront votre discours.<\/p>\n<p>Pour vos ateliers de r\u00e9flexion collective, <strong>la pens\u00e9e visuelle dynamisera vos \u00e9changes<\/strong>, stimulera la <strong>co-cr\u00e9ativit\u00e9<\/strong>, et bien d\u2019autres.<\/p>\n<p><!-- notionvc: a717d895-3c34-47aa-b829-862314885d31 --><\/p>\n<p><!-- notionvc: 86ce51b8-484f-4e5e-96cf-c37ed9fb42ba --><\/p>\n<p><!-- notionvc: 1d4e0454-9407-441e-a7e3-8cce6729b554 --><\/p>\n<p>[\/et_pb_text][et_pb_button button_text=&#8221;D\u00e9couvrez quelques travaux&#8221; button_alignment=&#8221;center&#8221; _builder_version=&#8221;4.27.2&#8243; _module_preset=&#8221;default&#8221; custom_button=&#8221;on&#8221; button_text_color=&#8221;#FFFFFF&#8221; button_bg_color=&#8221;#E45D0F&#8221; button_border_width=&#8221;0px&#8221; button_border_radius=&#8221;100px&#8221; button_font=&#8221;&#8211;et_global_body_font||||||||&#8221; hover_enabled=&#8221;0&#8243; global_colors_info=&#8221;{}&#8221; button_url=&#8221;@ET-DC@eyJkeW5hbWljIjp0cnVlLCJjb250ZW50IjoicG9zdF9saW5rX3VybF9wYWdlIiwic2V0dGluZ3MiOnsicG9zdF9pZCI6IjE0MCJ9fQ==@&#8221; _dynamic_attributes=&#8221;button_url&#8221; sticky_enabled=&#8221;0&#8243;][\/et_pb_button][\/et_pb_column][\/et_pb_row][\/et_pb_section]<\/p>\n","protected":false},"excerpt":{"rendered":"<p>Facilitation graphiqueQu&#8217;est-ce que la facilitation graphique ? La facilitation graphique (ou la pens\u00e9e visuelle) nous vient des Etats-Unis. Elle est n\u00e9e pour servir la dynamique de groupe avec des m\u00e9thodes innovantes. Les gestionnaires de projet appr\u00e9cient particuli\u00e8rement ce mode d\u2019expression, plus rapide et parlant que de longs paragraphes explicatifs. En France, le terme facilitation graphique [&hellip;]<\/p>\n","protected":false},"author":1,"featured_media":0,"parent":0,"menu_order":0,"comment_status":"closed","ping_status":"closed","template":"","meta":{"_et_pb_use_builder":"on","_et_pb_old_content":"","_et_gb_content_width":"","footnotes":""},"class_list":["post-43","page","type-page","status-publish","hentry"],"yoast_head":"<!-- This site is optimized with the Yoast SEO plugin v27.3 - https:\/\/yoast.com\/product\/yoast-seo-wordpress\/ -->\n<title>Facilitation graphique - Id\u00e9e Altitude<\/title>\n<meta name=\"robots\" content=\"index, follow, max-snippet:-1, max-image-preview:large, max-video-preview:-1\" \/>\n<link rel=\"canonical\" href=\"https:\/\/ideealtitude.fr\/index.php\/facilitation-graphique-2\/\" \/>\n<meta property=\"og:locale\" content=\"en_US\" \/>\n<meta property=\"og:type\" content=\"article\" \/>\n<meta property=\"og:title\" content=\"Facilitation graphique - Id\u00e9e Altitude\" \/>\n<meta property=\"og:description\" content=\"Facilitation graphiqueQu&#039;est-ce que la facilitation graphique ? La facilitation graphique (ou la pens\u00e9e visuelle) nous vient des Etats-Unis. Elle est n\u00e9e pour servir la dynamique de groupe avec des m\u00e9thodes innovantes. Les gestionnaires de projet appr\u00e9cient particuli\u00e8rement ce mode d\u2019expression, plus rapide et parlant que de longs paragraphes explicatifs. En France, le terme facilitation graphique [&hellip;]\" \/>\n<meta property=\"og:url\" content=\"https:\/\/ideealtitude.fr\/index.php\/facilitation-graphique-2\/\" \/>\n<meta property=\"og:site_name\" content=\"Id\u00e9e Altitude\" \/>\n<meta property=\"article:publisher\" content=\"https:\/\/www.facebook.com\/profile.php?id=61566309552846\" \/>\n<meta property=\"article:modified_time\" content=\"2024-10-04T10:20:53+00:00\" \/>\n<meta property=\"og:image\" content=\"https:\/\/ideealtitude.fr\/wp-content\/uploads\/2024\/09\/Carre.png\" \/>\n\t<meta property=\"og:image:width\" content=\"284\" \/>\n\t<meta property=\"og:image:height\" content=\"284\" \/>\n\t<meta property=\"og:image:type\" content=\"image\/png\" \/>\n<meta name=\"twitter:card\" content=\"summary_large_image\" \/>\n<meta name=\"twitter:label1\" content=\"Est. reading time\" \/>\n\t<meta name=\"twitter:data1\" content=\"3 minutes\" \/>\n<script type=\"application\/ld+json\" class=\"yoast-schema-graph\">{\"@context\":\"https:\\\/\\\/schema.org\",\"@graph\":[{\"@type\":\"WebPage\",\"@id\":\"https:\\\/\\\/ideealtitude.fr\\\/index.php\\\/facilitation-graphique-2\\\/\",\"url\":\"https:\\\/\\\/ideealtitude.fr\\\/index.php\\\/facilitation-graphique-2\\\/\",\"name\":\"Facilitation graphique - Id\u00e9e Altitude\",\"isPartOf\":{\"@id\":\"https:\\\/\\\/ideealtitude.fr\\\/#website\"},\"datePublished\":\"2024-09-30T10:57:50+00:00\",\"dateModified\":\"2024-10-04T10:20:53+00:00\",\"breadcrumb\":{\"@id\":\"https:\\\/\\\/ideealtitude.fr\\\/index.php\\\/facilitation-graphique-2\\\/#breadcrumb\"},\"inLanguage\":\"en-US\",\"potentialAction\":[{\"@type\":\"ReadAction\",\"target\":[\"https:\\\/\\\/ideealtitude.fr\\\/index.php\\\/facilitation-graphique-2\\\/\"]}]},{\"@type\":\"BreadcrumbList\",\"@id\":\"https:\\\/\\\/ideealtitude.fr\\\/index.php\\\/facilitation-graphique-2\\\/#breadcrumb\",\"itemListElement\":[{\"@type\":\"ListItem\",\"position\":1,\"name\":\"Accueil\",\"item\":\"https:\\\/\\\/ideealtitude.fr\\\/\"},{\"@type\":\"ListItem\",\"position\":2,\"name\":\"Facilitation graphique\"}]},{\"@type\":\"WebSite\",\"@id\":\"https:\\\/\\\/ideealtitude.fr\\\/#website\",\"url\":\"https:\\\/\\\/ideealtitude.fr\\\/\",\"name\":\"Id\u00e9e Altitude\",\"description\":\"Graphiste &amp; facilitatrice graphique\",\"publisher\":{\"@id\":\"https:\\\/\\\/ideealtitude.fr\\\/#organization\"},\"potentialAction\":[{\"@type\":\"SearchAction\",\"target\":{\"@type\":\"EntryPoint\",\"urlTemplate\":\"https:\\\/\\\/ideealtitude.fr\\\/?s={search_term_string}\"},\"query-input\":{\"@type\":\"PropertyValueSpecification\",\"valueRequired\":true,\"valueName\":\"search_term_string\"}}],\"inLanguage\":\"en-US\"},{\"@type\":\"Organization\",\"@id\":\"https:\\\/\\\/ideealtitude.fr\\\/#organization\",\"name\":\"Id\u00e9e Altitude\",\"url\":\"https:\\\/\\\/ideealtitude.fr\\\/\",\"logo\":{\"@type\":\"ImageObject\",\"inLanguage\":\"en-US\",\"@id\":\"https:\\\/\\\/ideealtitude.fr\\\/#\\\/schema\\\/logo\\\/image\\\/\",\"url\":\"https:\\\/\\\/ideealtitude.fr\\\/wp-content\\\/uploads\\\/2024\\\/09\\\/Carre.png\",\"contentUrl\":\"https:\\\/\\\/ideealtitude.fr\\\/wp-content\\\/uploads\\\/2024\\\/09\\\/Carre.png\",\"width\":284,\"height\":284,\"caption\":\"Id\u00e9e Altitude\"},\"image\":{\"@id\":\"https:\\\/\\\/ideealtitude.fr\\\/#\\\/schema\\\/logo\\\/image\\\/\"},\"sameAs\":[\"https:\\\/\\\/www.facebook.com\\\/profile.php?id=61566309552846\",\"https:\\\/\\\/www.instagram.com\\\/idee.altitude\\\/\"]}]}<\/script>\n<!-- \/ Yoast SEO plugin. -->","yoast_head_json":{"title":"Facilitation graphique - Id\u00e9e Altitude","robots":{"index":"index","follow":"follow","max-snippet":"max-snippet:-1","max-image-preview":"max-image-preview:large","max-video-preview":"max-video-preview:-1"},"canonical":"https:\/\/ideealtitude.fr\/index.php\/facilitation-graphique-2\/","og_locale":"en_US","og_type":"article","og_title":"Facilitation graphique - Id\u00e9e Altitude","og_description":"Facilitation graphiqueQu'est-ce que la facilitation graphique ? La facilitation graphique (ou la pens\u00e9e visuelle) nous vient des Etats-Unis. Elle est n\u00e9e pour servir la dynamique de groupe avec des m\u00e9thodes innovantes. Les gestionnaires de projet appr\u00e9cient particuli\u00e8rement ce mode d\u2019expression, plus rapide et parlant que de longs paragraphes explicatifs. En France, le terme facilitation graphique [&hellip;]","og_url":"https:\/\/ideealtitude.fr\/index.php\/facilitation-graphique-2\/","og_site_name":"Id\u00e9e Altitude","article_publisher":"https:\/\/www.facebook.com\/profile.php?id=61566309552846","article_modified_time":"2024-10-04T10:20:53+00:00","og_image":[{"width":284,"height":284,"url":"https:\/\/ideealtitude.fr\/wp-content\/uploads\/2024\/09\/Carre.png","type":"image\/png"}],"twitter_card":"summary_large_image","twitter_misc":{"Est. reading time":"3 minutes"},"schema":{"@context":"https:\/\/schema.org","@graph":[{"@type":"WebPage","@id":"https:\/\/ideealtitude.fr\/index.php\/facilitation-graphique-2\/","url":"https:\/\/ideealtitude.fr\/index.php\/facilitation-graphique-2\/","name":"Facilitation graphique - Id\u00e9e Altitude","isPartOf":{"@id":"https:\/\/ideealtitude.fr\/#website"},"datePublished":"2024-09-30T10:57:50+00:00","dateModified":"2024-10-04T10:20:53+00:00","breadcrumb":{"@id":"https:\/\/ideealtitude.fr\/index.php\/facilitation-graphique-2\/#breadcrumb"},"inLanguage":"en-US","potentialAction":[{"@type":"ReadAction","target":["https:\/\/ideealtitude.fr\/index.php\/facilitation-graphique-2\/"]}]},{"@type":"BreadcrumbList","@id":"https:\/\/ideealtitude.fr\/index.php\/facilitation-graphique-2\/#breadcrumb","itemListElement":[{"@type":"ListItem","position":1,"name":"Accueil","item":"https:\/\/ideealtitude.fr\/"},{"@type":"ListItem","position":2,"name":"Facilitation graphique"}]},{"@type":"WebSite","@id":"https:\/\/ideealtitude.fr\/#website","url":"https:\/\/ideealtitude.fr\/","name":"Id\u00e9e Altitude","description":"Graphiste &amp; facilitatrice graphique","publisher":{"@id":"https:\/\/ideealtitude.fr\/#organization"},"potentialAction":[{"@type":"SearchAction","target":{"@type":"EntryPoint","urlTemplate":"https:\/\/ideealtitude.fr\/?s={search_term_string}"},"query-input":{"@type":"PropertyValueSpecification","valueRequired":true,"valueName":"search_term_string"}}],"inLanguage":"en-US"},{"@type":"Organization","@id":"https:\/\/ideealtitude.fr\/#organization","name":"Id\u00e9e Altitude","url":"https:\/\/ideealtitude.fr\/","logo":{"@type":"ImageObject","inLanguage":"en-US","@id":"https:\/\/ideealtitude.fr\/#\/schema\/logo\/image\/","url":"https:\/\/ideealtitude.fr\/wp-content\/uploads\/2024\/09\/Carre.png","contentUrl":"https:\/\/ideealtitude.fr\/wp-content\/uploads\/2024\/09\/Carre.png","width":284,"height":284,"caption":"Id\u00e9e Altitude"},"image":{"@id":"https:\/\/ideealtitude.fr\/#\/schema\/logo\/image\/"},"sameAs":["https:\/\/www.facebook.com\/profile.php?id=61566309552846","https:\/\/www.instagram.com\/idee.altitude\/"]}]}},"_links":{"self":[{"href":"https:\/\/ideealtitude.fr\/index.php\/wp-json\/wp\/v2\/pages\/43","targetHints":{"allow":["GET"]}}],"collection":[{"href":"https:\/\/ideealtitude.fr\/index.php\/wp-json\/wp\/v2\/pages"}],"about":[{"href":"https:\/\/ideealtitude.fr\/index.php\/wp-json\/wp\/v2\/types\/page"}],"author":[{"embeddable":true,"href":"https:\/\/ideealtitude.fr\/index.php\/wp-json\/wp\/v2\/users\/1"}],"replies":[{"embeddable":true,"href":"https:\/\/ideealtitude.fr\/index.php\/wp-json\/wp\/v2\/comments?post=43"}],"version-history":[{"count":6,"href":"https:\/\/ideealtitude.fr\/index.php\/wp-json\/wp\/v2\/pages\/43\/revisions"}],"predecessor-version":[{"id":330,"href":"https:\/\/ideealtitude.fr\/index.php\/wp-json\/wp\/v2\/pages\/43\/revisions\/330"}],"wp:attachment":[{"href":"https:\/\/ideealtitude.fr\/index.php\/wp-json\/wp\/v2\/media?parent=43"}],"curies":[{"name":"wp","href":"https:\/\/api.w.org\/{rel}","templated":true}]}}