{"id":48,"date":"2024-09-30T12:59:22","date_gmt":"2024-09-30T10:59:22","guid":{"rendered":"https:\/\/ideealtitude.fr\/?page_id=48"},"modified":"2024-10-04T12:25:13","modified_gmt":"2024-10-04T10:25:13","slug":"illustration-2","status":"publish","type":"page","link":"https:\/\/ideealtitude.fr\/index.php\/illustration-2\/","title":{"rendered":"Illustration"},"content":{"rendered":"<p>[et_pb_section fb_built=&#8221;1&#8243; next_background_color=&#8221;#ffffff&#8221; _builder_version=&#8221;4.27.2&#8243; _module_preset=&#8221;default&#8221; background_color=&#8221;#246362&#8243; use_background_color_gradient=&#8221;on&#8221; background_color_gradient_direction=&#8221;106deg&#8221; background_color_gradient_stops=&#8221;#e45d0f 0%|#412a7e 50%|#246362 100%&#8221; bottom_divider_style=&#8221;graph&#8221; global_colors_info=&#8221;{}&#8221;][et_pb_row _builder_version=&#8221;4.27.0&#8243; _module_preset=&#8221;default&#8221; global_colors_info=&#8221;{}&#8221;][et_pb_column type=&#8221;4_4&#8243; _builder_version=&#8221;4.27.0&#8243; _module_preset=&#8221;default&#8221; global_colors_info=&#8221;{}&#8221;][et_pb_text _builder_version=&#8221;4.27.2&#8243; _module_preset=&#8221;default&#8221; header_2_font=&#8221;&#8211;et_global_heading_font||||||||&#8221; header_2_text_align=&#8221;center&#8221; header_2_text_color=&#8221;#FFFFFF&#8221; header_2_font_size=&#8221;48px&#8221; global_colors_info=&#8221;{}&#8221;]<\/p>\n<h2>Illustration<\/h2>\n<p>[\/et_pb_text][\/et_pb_column][\/et_pb_row][\/et_pb_section][et_pb_section fb_built=&#8221;1&#8243; _builder_version=&#8221;4.27.0&#8243; _module_preset=&#8221;default&#8221; global_colors_info=&#8221;{}&#8221;][et_pb_row _builder_version=&#8221;4.27.0&#8243; _module_preset=&#8221;default&#8221; custom_padding=&#8221;||22px|||&#8221; global_colors_info=&#8221;{}&#8221;][et_pb_column type=&#8221;4_4&#8243; _builder_version=&#8221;4.27.0&#8243; _module_preset=&#8221;default&#8221; global_colors_info=&#8221;{}&#8221;][et_pb_text quote_border_color=&#8221;#E45D0F&#8221; _builder_version=&#8221;4.27.2&#8243; _module_preset=&#8221;default&#8221; text_font=&#8221;&#8211;et_global_body_font||||||||&#8221; text_text_color=&#8221;#000000&#8243; quote_text_color=&#8221;#000000&#8243; global_colors_info=&#8221;{}&#8221;]<\/p>\n<blockquote>\n<p>L&#8217;illustration est un vaste domaine allant de la peinture sur toile \u00e0 la peinture digitale, en passant par le graphisme, la typographie, le crayonn\u00e9, etc. <strong>Un graphiste est bien souvent un illustrateur et inversement.<\/strong> J&#8217;ai \u00e9tudi\u00e9 les beaux-arts durant 2 ans et je continue de cr\u00e9er pour le plaisir. Aujourd&#8217;hui, j&#8217;aime dessiner \u00e0 main lev\u00e9e ou via le logiciel Illustrator. Je puise mon inspiration tout autour de moi pour chacun de mes projets.<br \/>Et si vous vous demandiez \u00e0 quoi l&#8217;illustration pourrait vous servir, je vous explique tout \u00e7a ici \ud83d\udc47\ud83c\udffb<\/p>\n<\/blockquote>\n<p>[\/et_pb_text][\/et_pb_column][\/et_pb_row][et_pb_row column_structure=&#8221;1_3,2_3&#8243; make_equal=&#8221;on&#8221; _builder_version=&#8221;4.27.0&#8243; _module_preset=&#8221;default&#8221; custom_padding=&#8221;1px||3px|||&#8221; custom_css_main_element=&#8221;align-items:center&#8221; global_colors_info=&#8221;{}&#8221;][et_pb_column type=&#8221;1_3&#8243; _builder_version=&#8221;4.27.2&#8243; _module_preset=&#8221;default&#8221; global_colors_info=&#8221;{}&#8221;][et_pb_image src=&#8221;http:\/\/ideealtitude.fr\/wp-content\/uploads\/2024\/09\/IllustrationPersonnage.png&#8221; title_text=&#8221;IllustrationPersonnage&#8221; _builder_version=&#8221;4.27.0&#8243; _module_preset=&#8221;default&#8221; global_colors_info=&#8221;{}&#8221;][\/et_pb_image][\/et_pb_column][et_pb_column type=&#8221;2_3&#8243; _builder_version=&#8221;4.27.0&#8243; _module_preset=&#8221;default&#8221; global_colors_info=&#8221;{}&#8221;][et_pb_text _builder_version=&#8221;4.27.2&#8243; _module_preset=&#8221;default&#8221; text_font=&#8221;&#8211;et_global_body_font||||||||&#8221; text_text_color=&#8221;#000000&#8243; header_2_font=&#8221;&#8211;et_global_heading_font||||||||&#8221; header_2_text_color=&#8221;#246362&#8243; header_2_font_size=&#8221;40px&#8221; global_colors_info=&#8221;{}&#8221;]<\/p>\n<h2 style=\"text-align: right;\">Humanisez votre marque !<\/h2>\n<p style=\"text-align: right;\"><strong>Saviez-vous que votre marque pouvait parler gr\u00e2ce au dessin ? Et que le message serait s\u00fbrement mieux accept\u00e9 ?<\/strong> C\u2019est tout l\u2019avantage d\u2019une mascotte ou d\u2019un personnage. Il vit pour votre entreprise. On conna\u00eet tous le lapin de la RATP, les marmottes de Milka, les oranges d\u2019Orangina\u2026 Cr\u00e9ez vous aussi votre personnage et renforcez la proximit\u00e9 avec votre public !<\/p>\n<p><!-- notionvc: 60b11e72-a3c5-4103-8742-301698204514 --><\/p>\n<p>[\/et_pb_text][\/et_pb_column][\/et_pb_row][et_pb_row column_structure=&#8221;2_3,1_3&#8243; make_equal=&#8221;on&#8221; _builder_version=&#8221;4.27.0&#8243; _module_preset=&#8221;default&#8221; custom_css_main_element=&#8221;align-items:center&#8221; global_colors_info=&#8221;{}&#8221;][et_pb_column type=&#8221;2_3&#8243; _builder_version=&#8221;4.27.0&#8243; _module_preset=&#8221;default&#8221; global_colors_info=&#8221;{}&#8221;][et_pb_text _builder_version=&#8221;4.27.2&#8243; _module_preset=&#8221;default&#8221; text_text_color=&#8221;#000000&#8243; header_2_font=&#8221;&#8211;et_global_heading_font||||||||&#8221; header_2_text_color=&#8221;#246362&#8243; header_2_font_size=&#8221;40px&#8221; global_colors_info=&#8221;{}&#8221;]<\/p>\n<h2>Inspirez votre public<\/h2>\n<p>Avec l\u2019illustration, tout est possible. Des paysages en origami peuvent <strong>d\u00e9corer votre salle de r\u00e9ception<\/strong>, votre <strong>carte de v\u0153ux devient une \u0153uvre d\u2019art<\/strong> offerte \u00e0 vos prospects, vos posts Instagram sont enregistr\u00e9s dans les collections Inspiration de vos abonn\u00e9s\u2026<br \/>Bref, l\u2019illustration est partout. Le plus dur ? Choisir un style. C\u2019est l\u00e0 que j\u2019entre en jeu. Mes ann\u00e9es d\u2019\u00e9tudes en art m\u2019ont permis de ma\u00eetriser plusieurs techniques et de savoir les appliquer \u00e0 bon escient.\u00a0<!-- notionvc: 90a54151-d99d-4d78-a5e8-db382b330fb1 --><\/p>\n<p><!-- notionvc: 60b11e72-a3c5-4103-8742-301698204514 --><\/p>\n<p>[\/et_pb_text][et_pb_button button_text=&#8221;Voir le portfolio&#8221; button_alignment=&#8221;center&#8221; _builder_version=&#8221;4.27.2&#8243; _module_preset=&#8221;default&#8221; custom_button=&#8221;on&#8221; button_text_color=&#8221;#FFFFFF&#8221; button_bg_color=&#8221;#E45D0F&#8221; button_border_width=&#8221;0px&#8221; button_border_radius=&#8221;100px&#8221; button_font=&#8221;&#8211;et_global_body_font||||||||&#8221; background_layout=&#8221;dark&#8221; hover_enabled=&#8221;0&#8243; global_colors_info=&#8221;{}&#8221; button_url=&#8221;@ET-DC@eyJkeW5hbWljIjp0cnVlLCJjb250ZW50IjoicG9zdF9saW5rX3VybF9wYWdlIiwic2V0dGluZ3MiOnsicG9zdF9pZCI6IjE0MCJ9fQ==@&#8221; _dynamic_attributes=&#8221;button_url&#8221; sticky_enabled=&#8221;0&#8243;][\/et_pb_button][\/et_pb_column][et_pb_column type=&#8221;1_3&#8243; _builder_version=&#8221;4.27.0&#8243; _module_preset=&#8221;default&#8221; global_colors_info=&#8221;{}&#8221;][et_pb_image src=&#8221;http:\/\/ideealtitude.fr\/wp-content\/uploads\/2024\/09\/IllustrationDigitale-Montagne.jpg&#8221; title_text=&#8221;IllustrationDigitale-Montagne&#8221; _builder_version=&#8221;4.27.0&#8243; _module_preset=&#8221;default&#8221; global_colors_info=&#8221;{}&#8221;][\/et_pb_image][\/et_pb_column][\/et_pb_row][\/et_pb_section]<\/p>\n","protected":false},"excerpt":{"rendered":"<p>Illustration L&#8217;illustration est un vaste domaine allant de la peinture sur toile \u00e0 la peinture digitale, en passant par le graphisme, la typographie, le crayonn\u00e9, etc. Un graphiste est bien souvent un illustrateur et inversement. J&#8217;ai \u00e9tudi\u00e9 les beaux-arts durant 2 ans et je continue de cr\u00e9er pour le plaisir. Aujourd&#8217;hui, j&#8217;aime dessiner \u00e0 main [&hellip;]<\/p>\n","protected":false},"author":1,"featured_media":0,"parent":0,"menu_order":0,"comment_status":"closed","ping_status":"closed","template":"","meta":{"_et_pb_use_builder":"on","_et_pb_old_content":"","_et_gb_content_width":"","footnotes":""},"class_list":["post-48","page","type-page","status-publish","hentry"],"yoast_head":"<!-- This site is optimized with the Yoast SEO plugin v27.3 - https:\/\/yoast.com\/product\/yoast-seo-wordpress\/ -->\n<title>Illustration - Id\u00e9e Altitude<\/title>\n<meta name=\"robots\" content=\"index, follow, max-snippet:-1, max-image-preview:large, max-video-preview:-1\" \/>\n<link rel=\"canonical\" href=\"https:\/\/ideealtitude.fr\/index.php\/illustration-2\/\" \/>\n<meta property=\"og:locale\" content=\"en_US\" \/>\n<meta property=\"og:type\" content=\"article\" \/>\n<meta property=\"og:title\" content=\"Illustration - Id\u00e9e Altitude\" \/>\n<meta property=\"og:description\" content=\"Illustration L&#039;illustration est un vaste domaine allant de la peinture sur toile \u00e0 la peinture digitale, en passant par le graphisme, la typographie, le crayonn\u00e9, etc. Un graphiste est bien souvent un illustrateur et inversement. J&#039;ai \u00e9tudi\u00e9 les beaux-arts durant 2 ans et je continue de cr\u00e9er pour le plaisir. Aujourd&#039;hui, j&#039;aime dessiner \u00e0 main [&hellip;]\" \/>\n<meta property=\"og:url\" content=\"https:\/\/ideealtitude.fr\/index.php\/illustration-2\/\" \/>\n<meta property=\"og:site_name\" content=\"Id\u00e9e Altitude\" \/>\n<meta property=\"article:publisher\" content=\"https:\/\/www.facebook.com\/profile.php?id=61566309552846\" \/>\n<meta property=\"article:modified_time\" content=\"2024-10-04T10:25:13+00:00\" \/>\n<meta property=\"og:image\" content=\"https:\/\/ideealtitude.fr\/wp-content\/uploads\/2024\/09\/Carre.png\" \/>\n\t<meta property=\"og:image:width\" content=\"284\" \/>\n\t<meta property=\"og:image:height\" content=\"284\" \/>\n\t<meta property=\"og:image:type\" content=\"image\/png\" \/>\n<meta name=\"twitter:card\" content=\"summary_large_image\" \/>\n<meta name=\"twitter:label1\" content=\"Est. reading time\" \/>\n\t<meta name=\"twitter:data1\" content=\"4 minutes\" \/>\n<script type=\"application\/ld+json\" class=\"yoast-schema-graph\">{\"@context\":\"https:\\\/\\\/schema.org\",\"@graph\":[{\"@type\":\"WebPage\",\"@id\":\"https:\\\/\\\/ideealtitude.fr\\\/index.php\\\/illustration-2\\\/\",\"url\":\"https:\\\/\\\/ideealtitude.fr\\\/index.php\\\/illustration-2\\\/\",\"name\":\"Illustration - Id\u00e9e Altitude\",\"isPartOf\":{\"@id\":\"https:\\\/\\\/ideealtitude.fr\\\/#website\"},\"datePublished\":\"2024-09-30T10:59:22+00:00\",\"dateModified\":\"2024-10-04T10:25:13+00:00\",\"breadcrumb\":{\"@id\":\"https:\\\/\\\/ideealtitude.fr\\\/index.php\\\/illustration-2\\\/#breadcrumb\"},\"inLanguage\":\"en-US\",\"potentialAction\":[{\"@type\":\"ReadAction\",\"target\":[\"https:\\\/\\\/ideealtitude.fr\\\/index.php\\\/illustration-2\\\/\"]}]},{\"@type\":\"BreadcrumbList\",\"@id\":\"https:\\\/\\\/ideealtitude.fr\\\/index.php\\\/illustration-2\\\/#breadcrumb\",\"itemListElement\":[{\"@type\":\"ListItem\",\"position\":1,\"name\":\"Accueil\",\"item\":\"https:\\\/\\\/ideealtitude.fr\\\/\"},{\"@type\":\"ListItem\",\"position\":2,\"name\":\"Illustration\"}]},{\"@type\":\"WebSite\",\"@id\":\"https:\\\/\\\/ideealtitude.fr\\\/#website\",\"url\":\"https:\\\/\\\/ideealtitude.fr\\\/\",\"name\":\"Id\u00e9e Altitude\",\"description\":\"Graphiste &amp; facilitatrice graphique\",\"publisher\":{\"@id\":\"https:\\\/\\\/ideealtitude.fr\\\/#organization\"},\"potentialAction\":[{\"@type\":\"SearchAction\",\"target\":{\"@type\":\"EntryPoint\",\"urlTemplate\":\"https:\\\/\\\/ideealtitude.fr\\\/?s={search_term_string}\"},\"query-input\":{\"@type\":\"PropertyValueSpecification\",\"valueRequired\":true,\"valueName\":\"search_term_string\"}}],\"inLanguage\":\"en-US\"},{\"@type\":\"Organization\",\"@id\":\"https:\\\/\\\/ideealtitude.fr\\\/#organization\",\"name\":\"Id\u00e9e Altitude\",\"url\":\"https:\\\/\\\/ideealtitude.fr\\\/\",\"logo\":{\"@type\":\"ImageObject\",\"inLanguage\":\"en-US\",\"@id\":\"https:\\\/\\\/ideealtitude.fr\\\/#\\\/schema\\\/logo\\\/image\\\/\",\"url\":\"https:\\\/\\\/ideealtitude.fr\\\/wp-content\\\/uploads\\\/2024\\\/09\\\/Carre.png\",\"contentUrl\":\"https:\\\/\\\/ideealtitude.fr\\\/wp-content\\\/uploads\\\/2024\\\/09\\\/Carre.png\",\"width\":284,\"height\":284,\"caption\":\"Id\u00e9e Altitude\"},\"image\":{\"@id\":\"https:\\\/\\\/ideealtitude.fr\\\/#\\\/schema\\\/logo\\\/image\\\/\"},\"sameAs\":[\"https:\\\/\\\/www.facebook.com\\\/profile.php?id=61566309552846\",\"https:\\\/\\\/www.instagram.com\\\/idee.altitude\\\/\"]}]}<\/script>\n<!-- \/ Yoast SEO plugin. -->","yoast_head_json":{"title":"Illustration - Id\u00e9e Altitude","robots":{"index":"index","follow":"follow","max-snippet":"max-snippet:-1","max-image-preview":"max-image-preview:large","max-video-preview":"max-video-preview:-1"},"canonical":"https:\/\/ideealtitude.fr\/index.php\/illustration-2\/","og_locale":"en_US","og_type":"article","og_title":"Illustration - Id\u00e9e Altitude","og_description":"Illustration L'illustration est un vaste domaine allant de la peinture sur toile \u00e0 la peinture digitale, en passant par le graphisme, la typographie, le crayonn\u00e9, etc. Un graphiste est bien souvent un illustrateur et inversement. J'ai \u00e9tudi\u00e9 les beaux-arts durant 2 ans et je continue de cr\u00e9er pour le plaisir. Aujourd'hui, j'aime dessiner \u00e0 main [&hellip;]","og_url":"https:\/\/ideealtitude.fr\/index.php\/illustration-2\/","og_site_name":"Id\u00e9e Altitude","article_publisher":"https:\/\/www.facebook.com\/profile.php?id=61566309552846","article_modified_time":"2024-10-04T10:25:13+00:00","og_image":[{"width":284,"height":284,"url":"https:\/\/ideealtitude.fr\/wp-content\/uploads\/2024\/09\/Carre.png","type":"image\/png"}],"twitter_card":"summary_large_image","twitter_misc":{"Est. reading time":"4 minutes"},"schema":{"@context":"https:\/\/schema.org","@graph":[{"@type":"WebPage","@id":"https:\/\/ideealtitude.fr\/index.php\/illustration-2\/","url":"https:\/\/ideealtitude.fr\/index.php\/illustration-2\/","name":"Illustration - Id\u00e9e Altitude","isPartOf":{"@id":"https:\/\/ideealtitude.fr\/#website"},"datePublished":"2024-09-30T10:59:22+00:00","dateModified":"2024-10-04T10:25:13+00:00","breadcrumb":{"@id":"https:\/\/ideealtitude.fr\/index.php\/illustration-2\/#breadcrumb"},"inLanguage":"en-US","potentialAction":[{"@type":"ReadAction","target":["https:\/\/ideealtitude.fr\/index.php\/illustration-2\/"]}]},{"@type":"BreadcrumbList","@id":"https:\/\/ideealtitude.fr\/index.php\/illustration-2\/#breadcrumb","itemListElement":[{"@type":"ListItem","position":1,"name":"Accueil","item":"https:\/\/ideealtitude.fr\/"},{"@type":"ListItem","position":2,"name":"Illustration"}]},{"@type":"WebSite","@id":"https:\/\/ideealtitude.fr\/#website","url":"https:\/\/ideealtitude.fr\/","name":"Id\u00e9e Altitude","description":"Graphiste &amp; facilitatrice graphique","publisher":{"@id":"https:\/\/ideealtitude.fr\/#organization"},"potentialAction":[{"@type":"SearchAction","target":{"@type":"EntryPoint","urlTemplate":"https:\/\/ideealtitude.fr\/?s={search_term_string}"},"query-input":{"@type":"PropertyValueSpecification","valueRequired":true,"valueName":"search_term_string"}}],"inLanguage":"en-US"},{"@type":"Organization","@id":"https:\/\/ideealtitude.fr\/#organization","name":"Id\u00e9e Altitude","url":"https:\/\/ideealtitude.fr\/","logo":{"@type":"ImageObject","inLanguage":"en-US","@id":"https:\/\/ideealtitude.fr\/#\/schema\/logo\/image\/","url":"https:\/\/ideealtitude.fr\/wp-content\/uploads\/2024\/09\/Carre.png","contentUrl":"https:\/\/ideealtitude.fr\/wp-content\/uploads\/2024\/09\/Carre.png","width":284,"height":284,"caption":"Id\u00e9e Altitude"},"image":{"@id":"https:\/\/ideealtitude.fr\/#\/schema\/logo\/image\/"},"sameAs":["https:\/\/www.facebook.com\/profile.php?id=61566309552846","https:\/\/www.instagram.com\/idee.altitude\/"]}]}},"_links":{"self":[{"href":"https:\/\/ideealtitude.fr\/index.php\/wp-json\/wp\/v2\/pages\/48","targetHints":{"allow":["GET"]}}],"collection":[{"href":"https:\/\/ideealtitude.fr\/index.php\/wp-json\/wp\/v2\/pages"}],"about":[{"href":"https:\/\/ideealtitude.fr\/index.php\/wp-json\/wp\/v2\/types\/page"}],"author":[{"embeddable":true,"href":"https:\/\/ideealtitude.fr\/index.php\/wp-json\/wp\/v2\/users\/1"}],"replies":[{"embeddable":true,"href":"https:\/\/ideealtitude.fr\/index.php\/wp-json\/wp\/v2\/comments?post=48"}],"version-history":[{"count":12,"href":"https:\/\/ideealtitude.fr\/index.php\/wp-json\/wp\/v2\/pages\/48\/revisions"}],"predecessor-version":[{"id":337,"href":"https:\/\/ideealtitude.fr\/index.php\/wp-json\/wp\/v2\/pages\/48\/revisions\/337"}],"wp:attachment":[{"href":"https:\/\/ideealtitude.fr\/index.php\/wp-json\/wp\/v2\/media?parent=48"}],"curies":[{"name":"wp","href":"https:\/\/api.w.org\/{rel}","templated":true}]}}