{"id":81,"date":"2024-09-30T13:21:51","date_gmt":"2024-09-30T11:21:51","guid":{"rendered":"https:\/\/ideealtitude.fr\/?page_id=81"},"modified":"2024-10-04T12:29:26","modified_gmt":"2024-10-04T10:29:26","slug":"a-propos","status":"publish","type":"page","link":"https:\/\/ideealtitude.fr\/index.php\/a-propos\/","title":{"rendered":"A propos"},"content":{"rendered":"<p>[et_pb_section fb_built=&#8221;1&#8243; next_background_color=&#8221;#ffffff&#8221; _builder_version=&#8221;4.27.2&#8243; _module_preset=&#8221;default&#8221; background_color=&#8221;#246362&#8243; use_background_color_gradient=&#8221;on&#8221; background_color_gradient_direction=&#8221;39deg&#8221; background_color_gradient_stops=&#8221;#e45d0f 1%|#412a7e 49%|#246362 100%&#8221; bottom_divider_style=&#8221;graph&#8221; global_colors_info=&#8221;{}&#8221;][et_pb_row _builder_version=&#8221;4.27.0&#8243; _module_preset=&#8221;default&#8221; global_colors_info=&#8221;{}&#8221;][et_pb_column type=&#8221;4_4&#8243; _builder_version=&#8221;4.27.0&#8243; _module_preset=&#8221;default&#8221; global_colors_info=&#8221;{}&#8221;][et_pb_text _builder_version=&#8221;4.27.2&#8243; _module_preset=&#8221;default&#8221; header_2_font=&#8221;&#8211;et_global_heading_font||||||||&#8221; header_2_text_align=&#8221;center&#8221; header_2_text_color=&#8221;#FFFFFF&#8221; header_2_font_size=&#8221;48px&#8221; global_colors_info=&#8221;{}&#8221;]<\/p>\n<h2>A propos<\/h2>\n<p>[\/et_pb_text][\/et_pb_column][\/et_pb_row][\/et_pb_section][et_pb_section fb_built=&#8221;1&#8243; _builder_version=&#8221;4.27.0&#8243; _module_preset=&#8221;default&#8221; custom_padding=&#8221;||1px|||&#8221; global_colors_info=&#8221;{}&#8221;][et_pb_row _builder_version=&#8221;4.27.0&#8243; _module_preset=&#8221;default&#8221; global_colors_info=&#8221;{}&#8221;][et_pb_column type=&#8221;4_4&#8243; _builder_version=&#8221;4.27.0&#8243; _module_preset=&#8221;default&#8221; global_colors_info=&#8221;{}&#8221;][et_pb_text _builder_version=&#8221;4.27.2&#8243; _module_preset=&#8221;default&#8221; header_2_font=&#8221;&#8211;et_global_heading_font||||||||&#8221; header_2_text_color=&#8221;#246362&#8243; custom_margin=&#8221;||-3px|||&#8221; global_colors_info=&#8221;{}&#8221;]<\/p>\n<h2>Comment est n\u00e9e Id\u00e9e Altitude ?<\/h2>\n<p>J\u2019ai d\u00e9marr\u00e9 mon activit\u00e9 ind\u00e9pendante en 2019 sous le nom de Poussin de la Yaute. Pendant 4 ans, j\u2019ai d\u00e9velopp\u00e9 mes savoirs-faire. Je me suis form\u00e9e \u00e0 la <strong>facilitation graphique<\/strong>, j\u2019ai imagin\u00e9 de nouvelles <strong>m\u00e9thodes de cr\u00e9ations plus collaboratives<\/strong>, j\u2019ai creus\u00e9 le sujet de la <strong>communication responsable<\/strong> et bien d\u2019autres ! Puis j\u2019ai quitt\u00e9 ma vall\u00e9e de la Yaute\u2026 pour une montagne en Savoie.<\/p>\n<p>Aujourd\u2019hui, je suis quotidiennement inspir\u00e9e par les paysages d\u2019altitude et la nature qui s\u2019y d\u00e9ploie. J\u2019aime ces montagnes et leurs lignes tant\u00f4t douces, tant\u00f4t ac\u00e9r\u00e9es. J\u2019aime cette faune et cette flore d\u2019altitude. Le vivant tient d\u2019ailleurs une place de plus en plus importante dans ma vie : en parall\u00e8le d\u2019Id\u00e9e Altitude, je me forme \u00e0 l\u2019agro-\u00e9cologie pour pouvoir la transmettre de fa\u00e7on ludique. D\u00e9couvrez cet univers au travers de mon blog et de mon Insta.<\/p>\n<p>C\u2019est donc au milieu de ces paysages que je cr\u00e9e vos visuels. Du logo \u00e0 l\u2019illustration en passant par la facilitation graphique, j\u2019accompagne votre entreprise dans tous ses moments importants.<\/p>\n<p><!-- notionvc: 7805dd60-2ec6-4e64-87b9-2eca1e1e60f2 --><\/p>\n<p>[\/et_pb_text][\/et_pb_column][\/et_pb_row][\/et_pb_section][et_pb_section fb_built=&#8221;1&#8243; prev_background_color=&#8221;#ffffff&#8221; next_background_color=&#8221;#F8F4EE&#8221; _builder_version=&#8221;4.27.0&#8243; _module_preset=&#8221;default&#8221; background_image=&#8221;http:\/\/ideealtitude.fr\/wp-content\/uploads\/2024\/09\/IllustrationDigitale-Montagne.jpg&#8221; top_divider_style=&#8221;mountains&#8221; bottom_divider_style=&#8221;mountains2&#8243; global_colors_info=&#8221;{}&#8221;][et_pb_row _builder_version=&#8221;4.27.0&#8243; _module_preset=&#8221;default&#8221; global_colors_info=&#8221;{}&#8221;][et_pb_column type=&#8221;4_4&#8243; _builder_version=&#8221;4.27.0&#8243; _module_preset=&#8221;default&#8221; global_colors_info=&#8221;{}&#8221;][\/et_pb_column][\/et_pb_row][\/et_pb_section][et_pb_section fb_built=&#8221;1&#8243; _builder_version=&#8221;4.27.2&#8243; _module_preset=&#8221;default&#8221; custom_padding=&#8221;4px||0px|||&#8221; hover_enabled=&#8221;0&#8243; global_colors_info=&#8221;{}&#8221; background_color=&#8221;#F8F4EE&#8221; sticky_enabled=&#8221;0&#8243;][et_pb_row _builder_version=&#8221;4.27.0&#8243; _module_preset=&#8221;default&#8221; global_colors_info=&#8221;{}&#8221;][et_pb_column type=&#8221;4_4&#8243; _builder_version=&#8221;4.27.0&#8243; _module_preset=&#8221;default&#8221; global_colors_info=&#8221;{}&#8221;][et_pb_text quote_border_color=&#8221;#E45D0F&#8221; _builder_version=&#8221;4.27.2&#8243; _module_preset=&#8221;default&#8221; quote_text_color=&#8221;#000000&#8243; header_2_font=&#8221;&#8211;et_global_heading_font||||||||&#8221; header_2_text_color=&#8221;#246362&#8243; custom_padding=&#8221;||0px|||&#8221; global_colors_info=&#8221;{}&#8221;]<\/p>\n<h2>L&#8217;agro\u00e9cologie, pourquoi ?<\/h2>\n<p>Je d\u00e9couvre cette pratique au printemps 2024, dans le cadre d&#8217;un stage b\u00e9n\u00e9vole au sein de l&#8217;association Terre et Humanisme. Pendant trois semaines, je m&#8217;immerge avec bonheur dans cet \u00e9cosyst\u00e8me, qui ne concerne pas que le jardin.<\/p>\n<blockquote>\n<p><em>\u201cL\u2019agro\u00e9cologie se cultive pour un monde meilleur.\u201d <\/em><br \/>Pierre Rabhi<\/p>\n<\/blockquote>\n<p>Ce monde dont parle le fondateur de l&#8217;association internationale, c&#8217;est le n\u00f4tre mais pas que. On oublie bien souvent qu&#8217;on le partage avec les animaux, les plantes, les micro-organismes, les insectes&#8230;<br \/>L\u2019agro\u00e9cologie met l\u2019humain au c\u0153ur de cet \u00e9cosyst\u00e8me, et l\u2019\u00e9cosyst\u00e8me au c\u0153ur de nos pr\u00e9occupations.<\/p>\n<p>\ud83c\udf31\u00a0Elle prend soin de chaque \u00e9l\u00e9ment, car personne n\u2019est inutile.<br \/>\ud83c\udf31\u00a0Elle travaille sur la qualit\u00e9 des interrelations, qui est essentielle \u00e0 la production et \u00e0 l\u2019atteinte des objectifs.<\/p>\n<p>Bref, <strong>l\u2019agro\u00e9cologie est une pratique ET une vision syst\u00e9mique, <\/strong>qui prend soin du vivant.<\/p>\n<p>Depuis cette immersion, j&#8217;ai souhait\u00e9 d\u00e9velopp\u00e9 mes connaissances dans ce domaine avec une formation en septembre 2024, qui sera suivie d&#8217;une formation longue en 2025, pour transmettre \u00e0 mon tour l&#8217;agro\u00e9cologie.<!-- notionvc: f9824cec-90f2-4be6-a440-5022502f466e --><\/p>\n<p><!-- notionvc: 7805dd60-2ec6-4e64-87b9-2eca1e1e60f2 --><\/p>\n<p>[\/et_pb_text][\/et_pb_column][\/et_pb_row][\/et_pb_section][et_pb_section fb_built=&#8221;1&#8243; prev_background_color=&#8221;#F8F4EE&#8221; _builder_version=&#8221;4.27.2&#8243; _module_preset=&#8221;default&#8221; top_divider_style=&#8221;slant2&#8243; hover_enabled=&#8221;0&#8243; global_colors_info=&#8221;{}&#8221; sticky_enabled=&#8221;0&#8243; background_enable_color=&#8221;off&#8221;][et_pb_row _builder_version=&#8221;4.27.2&#8243; _module_preset=&#8221;default&#8221; global_colors_info=&#8221;{}&#8221;][et_pb_column type=&#8221;4_4&#8243; _builder_version=&#8221;4.27.2&#8243; _module_preset=&#8221;default&#8221; global_colors_info=&#8221;{}&#8221;][et_pb_text _builder_version=&#8221;4.27.2&#8243; _module_preset=&#8221;default&#8221; hover_enabled=&#8221;0&#8243; global_colors_info=&#8221;{}&#8221; header_2_text_color=&#8221;#E45D0F&#8221; sticky_enabled=&#8221;0&#8243;]<\/p>\n<h2>Un petit truc en plus<\/h2>\n<p>Derni\u00e8re chose \u00e0 savoir sur moi, j&#8217;ai une scl\u00e9rose en plaques et <strong>je suis donc titulaire d&#8217;une RQTH<\/strong> (Reconnaissance de Qualit\u00e9 de Travailleur Handicap\u00e9). De ce fait, je peux \u00e9diter un certificat de co\u00fbt de main d&#8217;\u0153uvre. <strong>Si vous \u00eates soumis au taux d&#8217;emploi obligatoire de personnes handicap\u00e9es,<\/strong> <strong>vous pourrez y soustraire 30% de ma facture<\/strong>.<\/p>\n<p>[\/et_pb_text][\/et_pb_column][\/et_pb_row][\/et_pb_section]<\/p>\n","protected":false},"excerpt":{"rendered":"<p>A proposComment est n\u00e9e Id\u00e9e Altitude ? J\u2019ai d\u00e9marr\u00e9 mon activit\u00e9 ind\u00e9pendante en 2019 sous le nom de Poussin de la Yaute. Pendant 4 ans, j\u2019ai d\u00e9velopp\u00e9 mes savoirs-faire. Je me suis form\u00e9e \u00e0 la facilitation graphique, j\u2019ai imagin\u00e9 de nouvelles m\u00e9thodes de cr\u00e9ations plus collaboratives, j\u2019ai creus\u00e9 le sujet de la communication responsable et [&hellip;]<\/p>\n","protected":false},"author":1,"featured_media":0,"parent":0,"menu_order":0,"comment_status":"closed","ping_status":"closed","template":"","meta":{"_et_pb_use_builder":"on","_et_pb_old_content":"","_et_gb_content_width":"","footnotes":""},"class_list":["post-81","page","type-page","status-publish","hentry"],"yoast_head":"<!-- This site is optimized with the Yoast SEO plugin v27.3 - https:\/\/yoast.com\/product\/yoast-seo-wordpress\/ -->\n<title>A propos - Id\u00e9e Altitude<\/title>\n<meta name=\"robots\" content=\"index, follow, max-snippet:-1, max-image-preview:large, max-video-preview:-1\" \/>\n<link rel=\"canonical\" href=\"https:\/\/ideealtitude.fr\/index.php\/a-propos\/\" \/>\n<meta property=\"og:locale\" content=\"en_US\" \/>\n<meta property=\"og:type\" content=\"article\" \/>\n<meta property=\"og:title\" content=\"A propos - Id\u00e9e Altitude\" \/>\n<meta property=\"og:description\" content=\"A proposComment est n\u00e9e Id\u00e9e Altitude ? J\u2019ai d\u00e9marr\u00e9 mon activit\u00e9 ind\u00e9pendante en 2019 sous le nom de Poussin de la Yaute. Pendant 4 ans, j\u2019ai d\u00e9velopp\u00e9 mes savoirs-faire. Je me suis form\u00e9e \u00e0 la facilitation graphique, j\u2019ai imagin\u00e9 de nouvelles m\u00e9thodes de cr\u00e9ations plus collaboratives, j\u2019ai creus\u00e9 le sujet de la communication responsable et [&hellip;]\" \/>\n<meta property=\"og:url\" content=\"https:\/\/ideealtitude.fr\/index.php\/a-propos\/\" \/>\n<meta property=\"og:site_name\" content=\"Id\u00e9e Altitude\" \/>\n<meta property=\"article:publisher\" content=\"https:\/\/www.facebook.com\/profile.php?id=61566309552846\" \/>\n<meta property=\"article:modified_time\" content=\"2024-10-04T10:29:26+00:00\" \/>\n<meta property=\"og:image\" content=\"https:\/\/ideealtitude.fr\/wp-content\/uploads\/2024\/09\/Carre.png\" \/>\n\t<meta property=\"og:image:width\" content=\"284\" \/>\n\t<meta property=\"og:image:height\" content=\"284\" \/>\n\t<meta property=\"og:image:type\" content=\"image\/png\" \/>\n<meta name=\"twitter:card\" content=\"summary_large_image\" \/>\n<meta name=\"twitter:label1\" content=\"Est. reading time\" \/>\n\t<meta name=\"twitter:data1\" content=\"4 minutes\" \/>\n<script type=\"application\/ld+json\" class=\"yoast-schema-graph\">{\"@context\":\"https:\\\/\\\/schema.org\",\"@graph\":[{\"@type\":\"WebPage\",\"@id\":\"https:\\\/\\\/ideealtitude.fr\\\/index.php\\\/a-propos\\\/\",\"url\":\"https:\\\/\\\/ideealtitude.fr\\\/index.php\\\/a-propos\\\/\",\"name\":\"A propos - Id\u00e9e Altitude\",\"isPartOf\":{\"@id\":\"https:\\\/\\\/ideealtitude.fr\\\/#website\"},\"datePublished\":\"2024-09-30T11:21:51+00:00\",\"dateModified\":\"2024-10-04T10:29:26+00:00\",\"breadcrumb\":{\"@id\":\"https:\\\/\\\/ideealtitude.fr\\\/index.php\\\/a-propos\\\/#breadcrumb\"},\"inLanguage\":\"en-US\",\"potentialAction\":[{\"@type\":\"ReadAction\",\"target\":[\"https:\\\/\\\/ideealtitude.fr\\\/index.php\\\/a-propos\\\/\"]}]},{\"@type\":\"BreadcrumbList\",\"@id\":\"https:\\\/\\\/ideealtitude.fr\\\/index.php\\\/a-propos\\\/#breadcrumb\",\"itemListElement\":[{\"@type\":\"ListItem\",\"position\":1,\"name\":\"Accueil\",\"item\":\"https:\\\/\\\/ideealtitude.fr\\\/\"},{\"@type\":\"ListItem\",\"position\":2,\"name\":\"A propos\"}]},{\"@type\":\"WebSite\",\"@id\":\"https:\\\/\\\/ideealtitude.fr\\\/#website\",\"url\":\"https:\\\/\\\/ideealtitude.fr\\\/\",\"name\":\"Id\u00e9e Altitude\",\"description\":\"Graphiste &amp; facilitatrice graphique\",\"publisher\":{\"@id\":\"https:\\\/\\\/ideealtitude.fr\\\/#organization\"},\"potentialAction\":[{\"@type\":\"SearchAction\",\"target\":{\"@type\":\"EntryPoint\",\"urlTemplate\":\"https:\\\/\\\/ideealtitude.fr\\\/?s={search_term_string}\"},\"query-input\":{\"@type\":\"PropertyValueSpecification\",\"valueRequired\":true,\"valueName\":\"search_term_string\"}}],\"inLanguage\":\"en-US\"},{\"@type\":\"Organization\",\"@id\":\"https:\\\/\\\/ideealtitude.fr\\\/#organization\",\"name\":\"Id\u00e9e Altitude\",\"url\":\"https:\\\/\\\/ideealtitude.fr\\\/\",\"logo\":{\"@type\":\"ImageObject\",\"inLanguage\":\"en-US\",\"@id\":\"https:\\\/\\\/ideealtitude.fr\\\/#\\\/schema\\\/logo\\\/image\\\/\",\"url\":\"https:\\\/\\\/ideealtitude.fr\\\/wp-content\\\/uploads\\\/2024\\\/09\\\/Carre.png\",\"contentUrl\":\"https:\\\/\\\/ideealtitude.fr\\\/wp-content\\\/uploads\\\/2024\\\/09\\\/Carre.png\",\"width\":284,\"height\":284,\"caption\":\"Id\u00e9e Altitude\"},\"image\":{\"@id\":\"https:\\\/\\\/ideealtitude.fr\\\/#\\\/schema\\\/logo\\\/image\\\/\"},\"sameAs\":[\"https:\\\/\\\/www.facebook.com\\\/profile.php?id=61566309552846\",\"https:\\\/\\\/www.instagram.com\\\/idee.altitude\\\/\"]}]}<\/script>\n<!-- \/ Yoast SEO plugin. -->","yoast_head_json":{"title":"A propos - Id\u00e9e Altitude","robots":{"index":"index","follow":"follow","max-snippet":"max-snippet:-1","max-image-preview":"max-image-preview:large","max-video-preview":"max-video-preview:-1"},"canonical":"https:\/\/ideealtitude.fr\/index.php\/a-propos\/","og_locale":"en_US","og_type":"article","og_title":"A propos - Id\u00e9e Altitude","og_description":"A proposComment est n\u00e9e Id\u00e9e Altitude ? J\u2019ai d\u00e9marr\u00e9 mon activit\u00e9 ind\u00e9pendante en 2019 sous le nom de Poussin de la Yaute. Pendant 4 ans, j\u2019ai d\u00e9velopp\u00e9 mes savoirs-faire. Je me suis form\u00e9e \u00e0 la facilitation graphique, j\u2019ai imagin\u00e9 de nouvelles m\u00e9thodes de cr\u00e9ations plus collaboratives, j\u2019ai creus\u00e9 le sujet de la communication responsable et [&hellip;]","og_url":"https:\/\/ideealtitude.fr\/index.php\/a-propos\/","og_site_name":"Id\u00e9e Altitude","article_publisher":"https:\/\/www.facebook.com\/profile.php?id=61566309552846","article_modified_time":"2024-10-04T10:29:26+00:00","og_image":[{"width":284,"height":284,"url":"https:\/\/ideealtitude.fr\/wp-content\/uploads\/2024\/09\/Carre.png","type":"image\/png"}],"twitter_card":"summary_large_image","twitter_misc":{"Est. reading time":"4 minutes"},"schema":{"@context":"https:\/\/schema.org","@graph":[{"@type":"WebPage","@id":"https:\/\/ideealtitude.fr\/index.php\/a-propos\/","url":"https:\/\/ideealtitude.fr\/index.php\/a-propos\/","name":"A propos - Id\u00e9e Altitude","isPartOf":{"@id":"https:\/\/ideealtitude.fr\/#website"},"datePublished":"2024-09-30T11:21:51+00:00","dateModified":"2024-10-04T10:29:26+00:00","breadcrumb":{"@id":"https:\/\/ideealtitude.fr\/index.php\/a-propos\/#breadcrumb"},"inLanguage":"en-US","potentialAction":[{"@type":"ReadAction","target":["https:\/\/ideealtitude.fr\/index.php\/a-propos\/"]}]},{"@type":"BreadcrumbList","@id":"https:\/\/ideealtitude.fr\/index.php\/a-propos\/#breadcrumb","itemListElement":[{"@type":"ListItem","position":1,"name":"Accueil","item":"https:\/\/ideealtitude.fr\/"},{"@type":"ListItem","position":2,"name":"A propos"}]},{"@type":"WebSite","@id":"https:\/\/ideealtitude.fr\/#website","url":"https:\/\/ideealtitude.fr\/","name":"Id\u00e9e Altitude","description":"Graphiste &amp; facilitatrice graphique","publisher":{"@id":"https:\/\/ideealtitude.fr\/#organization"},"potentialAction":[{"@type":"SearchAction","target":{"@type":"EntryPoint","urlTemplate":"https:\/\/ideealtitude.fr\/?s={search_term_string}"},"query-input":{"@type":"PropertyValueSpecification","valueRequired":true,"valueName":"search_term_string"}}],"inLanguage":"en-US"},{"@type":"Organization","@id":"https:\/\/ideealtitude.fr\/#organization","name":"Id\u00e9e Altitude","url":"https:\/\/ideealtitude.fr\/","logo":{"@type":"ImageObject","inLanguage":"en-US","@id":"https:\/\/ideealtitude.fr\/#\/schema\/logo\/image\/","url":"https:\/\/ideealtitude.fr\/wp-content\/uploads\/2024\/09\/Carre.png","contentUrl":"https:\/\/ideealtitude.fr\/wp-content\/uploads\/2024\/09\/Carre.png","width":284,"height":284,"caption":"Id\u00e9e Altitude"},"image":{"@id":"https:\/\/ideealtitude.fr\/#\/schema\/logo\/image\/"},"sameAs":["https:\/\/www.facebook.com\/profile.php?id=61566309552846","https:\/\/www.instagram.com\/idee.altitude\/"]}]}},"_links":{"self":[{"href":"https:\/\/ideealtitude.fr\/index.php\/wp-json\/wp\/v2\/pages\/81","targetHints":{"allow":["GET"]}}],"collection":[{"href":"https:\/\/ideealtitude.fr\/index.php\/wp-json\/wp\/v2\/pages"}],"about":[{"href":"https:\/\/ideealtitude.fr\/index.php\/wp-json\/wp\/v2\/types\/page"}],"author":[{"embeddable":true,"href":"https:\/\/ideealtitude.fr\/index.php\/wp-json\/wp\/v2\/users\/1"}],"replies":[{"embeddable":true,"href":"https:\/\/ideealtitude.fr\/index.php\/wp-json\/wp\/v2\/comments?post=81"}],"version-history":[{"count":6,"href":"https:\/\/ideealtitude.fr\/index.php\/wp-json\/wp\/v2\/pages\/81\/revisions"}],"predecessor-version":[{"id":339,"href":"https:\/\/ideealtitude.fr\/index.php\/wp-json\/wp\/v2\/pages\/81\/revisions\/339"}],"wp:attachment":[{"href":"https:\/\/ideealtitude.fr\/index.php\/wp-json\/wp\/v2\/media?parent=81"}],"curies":[{"name":"wp","href":"https:\/\/api.w.org\/{rel}","templated":true}]}}